{"id":1825,"date":"2023-03-16T12:52:10","date_gmt":"2023-03-16T12:52:10","guid":{"rendered":"https:\/\/andante.zalox.pt\/plan-trip\/"},"modified":"2023-05-09T10:49:30","modified_gmt":"2023-05-09T10:49:30","slug":"plan-trip","status":"publish","type":"page","link":"https:\/\/andante.pt\/en\/plan-trip\/","title":{"rendered":"Plan trip"},"content":{"rendered":"\t\t<div data-elementor-type=\"wp-page\" data-elementor-id=\"1825\" class=\"elementor elementor-1825 elementor-162\" data-elementor-post-type=\"page\">\n\t\t\t\t<div class=\"elementor-element elementor-element-4941802b e-flex e-con-boxed e-con e-parent\" data-id=\"4941802b\" data-element_type=\"container\">\n\t\t\t\t\t<div class=\"e-con-inner\">\n\t\t\t\t<div class=\"elementor-element elementor-element-59c23226 breadcrumbs_realce elementor-widget elementor-widget-global elementor-global-894 elementor-widget-breadcrumbs\" data-id=\"59c23226\" data-element_type=\"widget\" data-widget_type=\"breadcrumbs.default\">\n\t\t\t\t<div class=\"elementor-widget-container\">\n\t\t\t<p id=\"breadcrumbs\"><span><span><a href=\"https:\/\/andante.pt\/en\/\">Home<\/a><\/span><\/span><\/p>\t\t<\/div>\n\t\t\t\t<\/div>\n\t\t\t\t<div class=\"elementor-element elementor-element-4d5bdd2e elementor-widget elementor-widget-heading\" data-id=\"4d5bdd2e\" data-element_type=\"widget\" data-widget_type=\"heading.default\">\n\t\t\t\t<div class=\"elementor-widget-container\">\n\t\t\t<h1 class=\"elementor-heading-title elementor-size-default\">Plan trip<\/h1>\t\t<\/div>\n\t\t\t\t<\/div>\n\t\t<div class=\"elementor-element elementor-element-cd2b23d e-flex e-con-boxed e-con e-parent\" data-id=\"cd2b23d\" data-element_type=\"container\">\n\t\t\t\t\t<div class=\"e-con-inner\">\n\t\t\t\t<div class=\"elementor-element elementor-element-b727994 elementor-widget elementor-widget-html\" data-id=\"b727994\" data-element_type=\"widget\" data-widget_type=\"html.default\">\n\t\t\t\t<div class=\"elementor-widget-container\">\n\t\t\t<iframe alt=\"\" border=\"0\" bordercolor=\"#000000\" frameborder=\"0\" height=\"\" hspace=\"0\" id=\"_com_liferay_iframe_web_portlet_IFramePortlet_INSTANCE_hvsy_iframe\" longdesc=\"\" name=\"_com_liferay_iframe_web_portlet_IFramePortlet_INSTANCE_hvsy_iframe\" scrolling=\"auto\" title=\"\" vspace=\"0\" width=\"100%\" src=\"https:\/\/move-me.mobi\/tip\/plan-route\" class=\"\" style=\"height: 600px;\">\n Your browser does not support embedded frames or is currently configured not to display them. The content can be viewed on the current source page: https:\/\/move-me.mobi\/tip\/plan-route.\n\t\t\t<\/iframe>\t\t<\/div>\n\t\t\t\t<\/div>\n\t\t\t\t\t<\/div>\n\t\t\t\t<\/div>\n\t\t\t\t\t<\/div>\n\t\t\t\t<\/div>\n\t\t\t\t<\/div>\n\t\t","protected":false},"excerpt":{"rendered":"<p>Your browser does not support embedded frames or is currently configured not to display them. The content can be viewed on the current source page: https:\/\/move-me.mobi\/tip\/plan-route.<\/p>\n","protected":false},"author":1,"featured_media":0,"parent":0,"menu_order":0,"comment_status":"closed","ping_status":"closed","template":"","meta":{"footnotes":""},"class_list":["post-1825","page","type-page","status-publish","hentry"],"yoast_head":"<!-- This site is optimized with the Yoast SEO plugin v23.9 - https:\/\/yoast.com\/wordpress\/plugins\/seo\/ -->\n<title>Plan trip | Andante - Transportes Metropolitanos do Porto<\/title>\n<meta name=\"robots\" content=\"index, follow, max-snippet:-1, max-image-preview:large, max-video-preview:-1\" \/>\n<link rel=\"canonical\" href=\"https:\/\/andante.pt\/en\/plan-trip\/\" \/>\n<meta property=\"og:locale\" content=\"en_US\" \/>\n<meta property=\"og:type\" content=\"article\" \/>\n<meta property=\"og:title\" content=\"Plan trip | Andante - Transportes Metropolitanos do Porto\" \/>\n<meta property=\"og:description\" content=\"Your browser does not support embedded frames or is currently configured not to display them. The content can be viewed on the current source page: https:\/\/move-me.mobi\/tip\/plan-route.\" \/>\n<meta property=\"og:url\" content=\"https:\/\/andante.pt\/en\/plan-trip\/\" \/>\n<meta property=\"og:site_name\" content=\"Andante - Transportes Metropolitanos do Porto\" \/>\n<meta property=\"article:publisher\" content=\"https:\/\/www.facebook.com\/andantept\/\" \/>\n<meta property=\"article:modified_time\" content=\"2023-05-09T10:49:30+00:00\" \/>\n<meta name=\"twitter:card\" content=\"summary_large_image\" \/>\n<script type=\"application\/ld+json\" class=\"yoast-schema-graph\">{\"@context\":\"https:\/\/schema.org\",\"@graph\":[{\"@type\":\"WebPage\",\"@id\":\"https:\/\/andante.pt\/en\/plan-trip\/\",\"url\":\"https:\/\/andante.pt\/en\/plan-trip\/\",\"name\":\"Plan trip | Andante - Transportes Metropolitanos do Porto\",\"isPartOf\":{\"@id\":\"https:\/\/andante.pt\/en\/#website\"},\"datePublished\":\"2023-03-16T12:52:10+00:00\",\"dateModified\":\"2023-05-09T10:49:30+00:00\",\"breadcrumb\":{\"@id\":\"https:\/\/andante.pt\/en\/plan-trip\/#breadcrumb\"},\"inLanguage\":\"en-US\",\"potentialAction\":[{\"@type\":\"ReadAction\",\"target\":[\"https:\/\/andante.pt\/en\/plan-trip\/\"]}]},{\"@type\":\"BreadcrumbList\",\"@id\":\"https:\/\/andante.pt\/en\/plan-trip\/#breadcrumb\",\"itemListElement\":[{\"@type\":\"ListItem\",\"position\":1,\"name\":\"Home\",\"item\":\"https:\/\/andante.pt\/en\/\"},{\"@type\":\"ListItem\",\"position\":2,\"name\":\"Plan trip\"}]},{\"@type\":\"WebSite\",\"@id\":\"https:\/\/andante.pt\/en\/#website\",\"url\":\"https:\/\/andante.pt\/en\/\",\"name\":\"Andante - Transportes Metropolitanos do Porto\",\"description\":\"O Andante \u00e9 o t\u00edtulo para os transportes p\u00fablicos da \u00c1rea Metropolitana do Porto.\",\"publisher\":{\"@id\":\"https:\/\/andante.pt\/en\/#organization\"},\"alternateName\":\"Andante - Transportes Intermodais do Porto\",\"potentialAction\":[{\"@type\":\"SearchAction\",\"target\":{\"@type\":\"EntryPoint\",\"urlTemplate\":\"https:\/\/andante.pt\/en\/?s={search_term_string}\"},\"query-input\":{\"@type\":\"PropertyValueSpecification\",\"valueRequired\":true,\"valueName\":\"search_term_string\"}}],\"inLanguage\":\"en-US\"},{\"@type\":\"Organization\",\"@id\":\"https:\/\/andante.pt\/en\/#organization\",\"name\":\"Andante - Transportes Intermodais do Porto\",\"alternateName\":\"Andante - Transportes Intermodais do Porto\",\"url\":\"https:\/\/andante.pt\/en\/\",\"logo\":{\"@type\":\"ImageObject\",\"inLanguage\":\"en-US\",\"@id\":\"https:\/\/andante.pt\/en\/#\/schema\/logo\/image\/\",\"url\":\"https:\/\/andante.pt\/wp-content\/uploads\/2023\/03\/logo_andante.svg\",\"contentUrl\":\"https:\/\/andante.pt\/wp-content\/uploads\/2023\/03\/logo_andante.svg\",\"width\":1,\"height\":1,\"caption\":\"Andante - Transportes Intermodais do Porto\"},\"image\":{\"@id\":\"https:\/\/andante.pt\/en\/#\/schema\/logo\/image\/\"},\"sameAs\":[\"https:\/\/www.facebook.com\/andantept\/\"]}]}<\/script>\n<!-- \/ Yoast SEO plugin. -->","yoast_head_json":{"title":"Plan trip | Andante - Transportes Metropolitanos do Porto","robots":{"index":"index","follow":"follow","max-snippet":"max-snippet:-1","max-image-preview":"max-image-preview:large","max-video-preview":"max-video-preview:-1"},"canonical":"https:\/\/andante.pt\/en\/plan-trip\/","og_locale":"en_US","og_type":"article","og_title":"Plan trip | Andante - Transportes Metropolitanos do Porto","og_description":"Your browser does not support embedded frames or is currently configured not to display them. The content can be viewed on the current source page: https:\/\/move-me.mobi\/tip\/plan-route.","og_url":"https:\/\/andante.pt\/en\/plan-trip\/","og_site_name":"Andante - Transportes Metropolitanos do Porto","article_publisher":"https:\/\/www.facebook.com\/andantept\/","article_modified_time":"2023-05-09T10:49:30+00:00","twitter_card":"summary_large_image","schema":{"@context":"https:\/\/schema.org","@graph":[{"@type":"WebPage","@id":"https:\/\/andante.pt\/en\/plan-trip\/","url":"https:\/\/andante.pt\/en\/plan-trip\/","name":"Plan trip | Andante - Transportes Metropolitanos do Porto","isPartOf":{"@id":"https:\/\/andante.pt\/en\/#website"},"datePublished":"2023-03-16T12:52:10+00:00","dateModified":"2023-05-09T10:49:30+00:00","breadcrumb":{"@id":"https:\/\/andante.pt\/en\/plan-trip\/#breadcrumb"},"inLanguage":"en-US","potentialAction":[{"@type":"ReadAction","target":["https:\/\/andante.pt\/en\/plan-trip\/"]}]},{"@type":"BreadcrumbList","@id":"https:\/\/andante.pt\/en\/plan-trip\/#breadcrumb","itemListElement":[{"@type":"ListItem","position":1,"name":"Home","item":"https:\/\/andante.pt\/en\/"},{"@type":"ListItem","position":2,"name":"Plan trip"}]},{"@type":"WebSite","@id":"https:\/\/andante.pt\/en\/#website","url":"https:\/\/andante.pt\/en\/","name":"Andante - Transportes Metropolitanos do Porto","description":"O Andante \u00e9 o t\u00edtulo para os transportes p\u00fablicos da \u00c1rea Metropolitana do Porto.","publisher":{"@id":"https:\/\/andante.pt\/en\/#organization"},"alternateName":"Andante - Transportes Intermodais do Porto","potentialAction":[{"@type":"SearchAction","target":{"@type":"EntryPoint","urlTemplate":"https:\/\/andante.pt\/en\/?s={search_term_string}"},"query-input":{"@type":"PropertyValueSpecification","valueRequired":true,"valueName":"search_term_string"}}],"inLanguage":"en-US"},{"@type":"Organization","@id":"https:\/\/andante.pt\/en\/#organization","name":"Andante - Transportes Intermodais do Porto","alternateName":"Andante - Transportes Intermodais do Porto","url":"https:\/\/andante.pt\/en\/","logo":{"@type":"ImageObject","inLanguage":"en-US","@id":"https:\/\/andante.pt\/en\/#\/schema\/logo\/image\/","url":"https:\/\/andante.pt\/wp-content\/uploads\/2023\/03\/logo_andante.svg","contentUrl":"https:\/\/andante.pt\/wp-content\/uploads\/2023\/03\/logo_andante.svg","width":1,"height":1,"caption":"Andante - Transportes Intermodais do Porto"},"image":{"@id":"https:\/\/andante.pt\/en\/#\/schema\/logo\/image\/"},"sameAs":["https:\/\/www.facebook.com\/andantept\/"]}]}},"_links":{"self":[{"href":"https:\/\/andante.pt\/en\/wp-json\/wp\/v2\/pages\/1825","targetHints":{"allow":["GET"]}}],"collection":[{"href":"https:\/\/andante.pt\/en\/wp-json\/wp\/v2\/pages"}],"about":[{"href":"https:\/\/andante.pt\/en\/wp-json\/wp\/v2\/types\/page"}],"author":[{"embeddable":true,"href":"https:\/\/andante.pt\/en\/wp-json\/wp\/v2\/users\/1"}],"replies":[{"embeddable":true,"href":"https:\/\/andante.pt\/en\/wp-json\/wp\/v2\/comments?post=1825"}],"version-history":[{"count":2,"href":"https:\/\/andante.pt\/en\/wp-json\/wp\/v2\/pages\/1825\/revisions"}],"predecessor-version":[{"id":1854,"href":"https:\/\/andante.pt\/en\/wp-json\/wp\/v2\/pages\/1825\/revisions\/1854"}],"wp:attachment":[{"href":"https:\/\/andante.pt\/en\/wp-json\/wp\/v2\/media?parent=1825"}],"curies":[{"name":"wp","href":"https:\/\/api.w.org\/{rel}","templated":true}]}}