{"id":1989,"date":"2023-03-16T13:50:34","date_gmt":"2023-03-16T13:50:34","guid":{"rendered":"https:\/\/andante.zalox.pt\/tip-transportes-intermodais-do-porto\/"},"modified":"2023-03-30T17:51:34","modified_gmt":"2023-03-30T17:51:34","slug":"tip-transportes-intermodais-do-porto","status":"publish","type":"page","link":"https:\/\/andante.pt\/en\/tip-transportes-intermodais-do-porto\/","title":{"rendered":"TIP &#8211; Transportes Intermodais do Porto"},"content":{"rendered":"\t\t<div data-elementor-type=\"wp-page\" data-elementor-id=\"1989\" class=\"elementor elementor-1989 elementor-178\" data-elementor-post-type=\"page\">\n\t\t\t\t<div class=\"elementor-element elementor-element-a7165ad e-flex e-con-boxed e-con e-parent\" data-id=\"a7165ad\" data-element_type=\"container\">\n\t\t\t\t\t<div class=\"e-con-inner\">\n\t\t<div class=\"elementor-element elementor-element-6727200 e-con-full e-flex e-con e-parent\" data-id=\"6727200\" data-element_type=\"container\">\n\t\t\t\t<div class=\"elementor-element elementor-element-a0947cc breadcrumbs_realce elementor-widget elementor-widget-global elementor-global-894 elementor-widget-breadcrumbs\" data-id=\"a0947cc\" data-element_type=\"widget\" data-widget_type=\"breadcrumbs.default\">\n\t\t\t\t<div class=\"elementor-widget-container\">\n\t\t\t<p id=\"breadcrumbs\"><span><span><a href=\"https:\/\/andante.pt\/en\/\">Home<\/a><\/span><\/span><\/p>\t\t<\/div>\n\t\t\t\t<\/div>\n\t\t\t\t<div class=\"elementor-element elementor-element-d5c9482 elementor-widget elementor-widget-heading\" data-id=\"d5c9482\" data-element_type=\"widget\" data-widget_type=\"heading.default\">\n\t\t\t\t<div class=\"elementor-widget-container\">\n\t\t\t<h1 class=\"elementor-heading-title elementor-size-default\">Transportes Intermodais do Porto<\/h1>\t\t<\/div>\n\t\t\t\t<\/div>\n\t\t\t\t<div class=\"elementor-element elementor-element-50e6cc0 elementor-widget elementor-widget-text-editor\" data-id=\"50e6cc0\" data-element_type=\"widget\" data-widget_type=\"text-editor.default\">\n\t\t\t\t<div class=\"elementor-widget-container\">\n\t\t\t\t\t\t\t<p>With the aim of <strong>promoting the implementation of intermodality in public transport<\/strong> in Porto and Trofa Metropolitan Area (AMP), on 20th December 2002, Metro do Porto, SA, Sociedade de Transportes Colectivos do Porto, SA and the company Caminhos de Ferro Portugueses, EP set up a complementary grouping of companies under the name Transportes Intermodais do Porto, ACE (TIP), responsible for managing the Andante ticketing system. <\/p>\n<p>This grouping aims to <strong>ensure the implementation of a common and exclusive ticketing and fare pricing system<\/strong> for the grouped companies and the participating public transport operators. It is also responsible for establishing the model for distribution of the revenues obtained, and is responsible for setting up and managing an information and communication system for the infrastructures and means of transport operated. <\/p>\n\t\t\t\t\t\t<\/div>\n\t\t\t\t<\/div>\n\t\t\t\t<div class=\"elementor-element elementor-element-6eb2a6f elementor-widget elementor-widget-image\" data-id=\"6eb2a6f\" data-element_type=\"widget\" data-widget_type=\"image.default\">\n\t\t\t\t<div class=\"elementor-widget-container\">\n\t\t\t\t\t\t\t\t\t\t\t\t\t<img decoding=\"async\" width=\"363\" height=\"110\" src=\"https:\/\/andante.pt\/wp-content\/uploads\/2023\/03\/Logo-Transportes-Intermodais-Porto.webp\" class=\"attachment-full size-full wp-image-1120\" alt=\"Logo Transportes-Intermodais-Porto\" \/>\t\t\t\t\t\t\t\t\t\t\t\t\t<\/div>\n\t\t\t\t<\/div>\n\t\t\t\t<\/div>\n\t\t<div class=\"elementor-element elementor-element-41a36b5 e-con-full e-flex e-con e-parent\" data-id=\"41a36b5\" data-element_type=\"container\" data-settings=\"{&quot;position&quot;:&quot;absolute&quot;,&quot;background_background&quot;:&quot;classic&quot;}\">\n\t\t\t\t<\/div>\n\t\t\t\t\t<\/div>\n\t\t\t\t<\/div>\n\t\t\t\t<\/div>\n\t\t","protected":false},"excerpt":{"rendered":"<p>Transportes Intermodais do Porto With the aim of promoting the implementation of intermodality in public transport in Porto and Trofa Metropolitan Area (AMP), on 20th December 2002, Metro do Porto, SA, Sociedade de Transportes Colectivos do Porto, SA and the company Caminhos de Ferro Portugueses, EP set up a complementary grouping of companies under the [&hellip;]<\/p>\n","protected":false},"author":1,"featured_media":0,"parent":0,"menu_order":0,"comment_status":"closed","ping_status":"closed","template":"","meta":{"footnotes":""},"class_list":["post-1989","page","type-page","status-publish","hentry"],"yoast_head":"<!-- This site is optimized with the Yoast SEO plugin v23.9 - https:\/\/yoast.com\/wordpress\/plugins\/seo\/ -->\n<title>TIP - Transportes Intermodais do Porto | Andante - Transportes Metropolitanos do Porto<\/title>\n<meta name=\"robots\" content=\"index, follow, max-snippet:-1, max-image-preview:large, max-video-preview:-1\" \/>\n<link rel=\"canonical\" href=\"https:\/\/andante.pt\/en\/tip-transportes-intermodais-do-porto\/\" \/>\n<meta property=\"og:locale\" content=\"en_US\" \/>\n<meta property=\"og:type\" content=\"article\" \/>\n<meta property=\"og:title\" content=\"TIP - Transportes Intermodais do Porto | Andante - Transportes Metropolitanos do Porto\" \/>\n<meta property=\"og:description\" content=\"Transportes Intermodais do Porto With the aim of promoting the implementation of intermodality in public transport in Porto and Trofa Metropolitan Area (AMP), on 20th December 2002, Metro do Porto, SA, Sociedade de Transportes Colectivos do Porto, SA and the company Caminhos de Ferro Portugueses, EP set up a complementary grouping of companies under the [&hellip;]\" \/>\n<meta property=\"og:url\" content=\"https:\/\/andante.pt\/en\/tip-transportes-intermodais-do-porto\/\" \/>\n<meta property=\"og:site_name\" content=\"Andante - Transportes Metropolitanos do Porto\" \/>\n<meta property=\"article:publisher\" content=\"https:\/\/www.facebook.com\/andantept\/\" \/>\n<meta property=\"article:modified_time\" content=\"2023-03-30T17:51:34+00:00\" \/>\n<meta property=\"og:image\" content=\"https:\/\/linhandante.com\/wp-content\/uploads\/2023\/03\/Logo-Transportes-Intermodais-Porto.webp\" \/>\n<meta name=\"twitter:card\" content=\"summary_large_image\" \/>\n<meta name=\"twitter:label1\" content=\"Est. reading time\" \/>\n\t<meta name=\"twitter:data1\" content=\"1 minute\" \/>\n<script type=\"application\/ld+json\" class=\"yoast-schema-graph\">{\"@context\":\"https:\/\/schema.org\",\"@graph\":[{\"@type\":\"WebPage\",\"@id\":\"https:\/\/andante.pt\/en\/tip-transportes-intermodais-do-porto\/\",\"url\":\"https:\/\/andante.pt\/en\/tip-transportes-intermodais-do-porto\/\",\"name\":\"TIP - Transportes Intermodais do Porto | Andante - Transportes Metropolitanos do Porto\",\"isPartOf\":{\"@id\":\"https:\/\/andante.pt\/en\/#website\"},\"primaryImageOfPage\":{\"@id\":\"https:\/\/andante.pt\/en\/tip-transportes-intermodais-do-porto\/#primaryimage\"},\"image\":{\"@id\":\"https:\/\/andante.pt\/en\/tip-transportes-intermodais-do-porto\/#primaryimage\"},\"thumbnailUrl\":\"https:\/\/linhandante.com\/wp-content\/uploads\/2023\/03\/Logo-Transportes-Intermodais-Porto.webp\",\"datePublished\":\"2023-03-16T13:50:34+00:00\",\"dateModified\":\"2023-03-30T17:51:34+00:00\",\"breadcrumb\":{\"@id\":\"https:\/\/andante.pt\/en\/tip-transportes-intermodais-do-porto\/#breadcrumb\"},\"inLanguage\":\"en-US\",\"potentialAction\":[{\"@type\":\"ReadAction\",\"target\":[\"https:\/\/andante.pt\/en\/tip-transportes-intermodais-do-porto\/\"]}]},{\"@type\":\"ImageObject\",\"inLanguage\":\"en-US\",\"@id\":\"https:\/\/andante.pt\/en\/tip-transportes-intermodais-do-porto\/#primaryimage\",\"url\":\"https:\/\/linhandante.com\/wp-content\/uploads\/2023\/03\/Logo-Transportes-Intermodais-Porto.webp\",\"contentUrl\":\"https:\/\/linhandante.com\/wp-content\/uploads\/2023\/03\/Logo-Transportes-Intermodais-Porto.webp\"},{\"@type\":\"BreadcrumbList\",\"@id\":\"https:\/\/andante.pt\/en\/tip-transportes-intermodais-do-porto\/#breadcrumb\",\"itemListElement\":[{\"@type\":\"ListItem\",\"position\":1,\"name\":\"Home\",\"item\":\"https:\/\/andante.pt\/en\/\"},{\"@type\":\"ListItem\",\"position\":2,\"name\":\"TIP &#8211; Transportes Intermodais do Porto\"}]},{\"@type\":\"WebSite\",\"@id\":\"https:\/\/andante.pt\/en\/#website\",\"url\":\"https:\/\/andante.pt\/en\/\",\"name\":\"Andante - Transportes Metropolitanos do Porto\",\"description\":\"O Andante \u00e9 o t\u00edtulo para os transportes p\u00fablicos da \u00c1rea Metropolitana do Porto.\",\"publisher\":{\"@id\":\"https:\/\/andante.pt\/en\/#organization\"},\"alternateName\":\"Andante - Transportes Intermodais do Porto\",\"potentialAction\":[{\"@type\":\"SearchAction\",\"target\":{\"@type\":\"EntryPoint\",\"urlTemplate\":\"https:\/\/andante.pt\/en\/?s={search_term_string}\"},\"query-input\":{\"@type\":\"PropertyValueSpecification\",\"valueRequired\":true,\"valueName\":\"search_term_string\"}}],\"inLanguage\":\"en-US\"},{\"@type\":\"Organization\",\"@id\":\"https:\/\/andante.pt\/en\/#organization\",\"name\":\"Andante - Transportes Intermodais do Porto\",\"alternateName\":\"Andante - Transportes Intermodais do Porto\",\"url\":\"https:\/\/andante.pt\/en\/\",\"logo\":{\"@type\":\"ImageObject\",\"inLanguage\":\"en-US\",\"@id\":\"https:\/\/andante.pt\/en\/#\/schema\/logo\/image\/\",\"url\":\"https:\/\/andante.pt\/wp-content\/uploads\/2023\/03\/logo_andante.svg\",\"contentUrl\":\"https:\/\/andante.pt\/wp-content\/uploads\/2023\/03\/logo_andante.svg\",\"width\":1,\"height\":1,\"caption\":\"Andante - Transportes Intermodais do Porto\"},\"image\":{\"@id\":\"https:\/\/andante.pt\/en\/#\/schema\/logo\/image\/\"},\"sameAs\":[\"https:\/\/www.facebook.com\/andantept\/\"]}]}<\/script>\n<!-- \/ Yoast SEO plugin. -->","yoast_head_json":{"title":"TIP - Transportes Intermodais do Porto | Andante - Transportes Metropolitanos do Porto","robots":{"index":"index","follow":"follow","max-snippet":"max-snippet:-1","max-image-preview":"max-image-preview:large","max-video-preview":"max-video-preview:-1"},"canonical":"https:\/\/andante.pt\/en\/tip-transportes-intermodais-do-porto\/","og_locale":"en_US","og_type":"article","og_title":"TIP - Transportes Intermodais do Porto | Andante - Transportes Metropolitanos do Porto","og_description":"Transportes Intermodais do Porto With the aim of promoting the implementation of intermodality in public transport in Porto and Trofa Metropolitan Area (AMP), on 20th December 2002, Metro do Porto, SA, Sociedade de Transportes Colectivos do Porto, SA and the company Caminhos de Ferro Portugueses, EP set up a complementary grouping of companies under the [&hellip;]","og_url":"https:\/\/andante.pt\/en\/tip-transportes-intermodais-do-porto\/","og_site_name":"Andante - Transportes Metropolitanos do Porto","article_publisher":"https:\/\/www.facebook.com\/andantept\/","article_modified_time":"2023-03-30T17:51:34+00:00","og_image":[{"url":"https:\/\/linhandante.com\/wp-content\/uploads\/2023\/03\/Logo-Transportes-Intermodais-Porto.webp"}],"twitter_card":"summary_large_image","twitter_misc":{"Est. reading time":"1 minute"},"schema":{"@context":"https:\/\/schema.org","@graph":[{"@type":"WebPage","@id":"https:\/\/andante.pt\/en\/tip-transportes-intermodais-do-porto\/","url":"https:\/\/andante.pt\/en\/tip-transportes-intermodais-do-porto\/","name":"TIP - Transportes Intermodais do Porto | Andante - Transportes Metropolitanos do Porto","isPartOf":{"@id":"https:\/\/andante.pt\/en\/#website"},"primaryImageOfPage":{"@id":"https:\/\/andante.pt\/en\/tip-transportes-intermodais-do-porto\/#primaryimage"},"image":{"@id":"https:\/\/andante.pt\/en\/tip-transportes-intermodais-do-porto\/#primaryimage"},"thumbnailUrl":"https:\/\/linhandante.com\/wp-content\/uploads\/2023\/03\/Logo-Transportes-Intermodais-Porto.webp","datePublished":"2023-03-16T13:50:34+00:00","dateModified":"2023-03-30T17:51:34+00:00","breadcrumb":{"@id":"https:\/\/andante.pt\/en\/tip-transportes-intermodais-do-porto\/#breadcrumb"},"inLanguage":"en-US","potentialAction":[{"@type":"ReadAction","target":["https:\/\/andante.pt\/en\/tip-transportes-intermodais-do-porto\/"]}]},{"@type":"ImageObject","inLanguage":"en-US","@id":"https:\/\/andante.pt\/en\/tip-transportes-intermodais-do-porto\/#primaryimage","url":"https:\/\/linhandante.com\/wp-content\/uploads\/2023\/03\/Logo-Transportes-Intermodais-Porto.webp","contentUrl":"https:\/\/linhandante.com\/wp-content\/uploads\/2023\/03\/Logo-Transportes-Intermodais-Porto.webp"},{"@type":"BreadcrumbList","@id":"https:\/\/andante.pt\/en\/tip-transportes-intermodais-do-porto\/#breadcrumb","itemListElement":[{"@type":"ListItem","position":1,"name":"Home","item":"https:\/\/andante.pt\/en\/"},{"@type":"ListItem","position":2,"name":"TIP &#8211; Transportes Intermodais do Porto"}]},{"@type":"WebSite","@id":"https:\/\/andante.pt\/en\/#website","url":"https:\/\/andante.pt\/en\/","name":"Andante - Transportes Metropolitanos do Porto","description":"O Andante \u00e9 o t\u00edtulo para os transportes p\u00fablicos da \u00c1rea Metropolitana do Porto.","publisher":{"@id":"https:\/\/andante.pt\/en\/#organization"},"alternateName":"Andante - Transportes Intermodais do Porto","potentialAction":[{"@type":"SearchAction","target":{"@type":"EntryPoint","urlTemplate":"https:\/\/andante.pt\/en\/?s={search_term_string}"},"query-input":{"@type":"PropertyValueSpecification","valueRequired":true,"valueName":"search_term_string"}}],"inLanguage":"en-US"},{"@type":"Organization","@id":"https:\/\/andante.pt\/en\/#organization","name":"Andante - Transportes Intermodais do Porto","alternateName":"Andante - Transportes Intermodais do Porto","url":"https:\/\/andante.pt\/en\/","logo":{"@type":"ImageObject","inLanguage":"en-US","@id":"https:\/\/andante.pt\/en\/#\/schema\/logo\/image\/","url":"https:\/\/andante.pt\/wp-content\/uploads\/2023\/03\/logo_andante.svg","contentUrl":"https:\/\/andante.pt\/wp-content\/uploads\/2023\/03\/logo_andante.svg","width":1,"height":1,"caption":"Andante - Transportes Intermodais do Porto"},"image":{"@id":"https:\/\/andante.pt\/en\/#\/schema\/logo\/image\/"},"sameAs":["https:\/\/www.facebook.com\/andantept\/"]}]}},"_links":{"self":[{"href":"https:\/\/andante.pt\/en\/wp-json\/wp\/v2\/pages\/1989","targetHints":{"allow":["GET"]}}],"collection":[{"href":"https:\/\/andante.pt\/en\/wp-json\/wp\/v2\/pages"}],"about":[{"href":"https:\/\/andante.pt\/en\/wp-json\/wp\/v2\/types\/page"}],"author":[{"embeddable":true,"href":"https:\/\/andante.pt\/en\/wp-json\/wp\/v2\/users\/1"}],"replies":[{"embeddable":true,"href":"https:\/\/andante.pt\/en\/wp-json\/wp\/v2\/comments?post=1989"}],"version-history":[{"count":1,"href":"https:\/\/andante.pt\/en\/wp-json\/wp\/v2\/pages\/1989\/revisions"}],"predecessor-version":[{"id":1990,"href":"https:\/\/andante.pt\/en\/wp-json\/wp\/v2\/pages\/1989\/revisions\/1990"}],"wp:attachment":[{"href":"https:\/\/andante.pt\/en\/wp-json\/wp\/v2\/media?parent=1989"}],"curies":[{"name":"wp","href":"https:\/\/api.w.org\/{rel}","templated":true}]}}