{"id":2072,"date":"2023-03-16T12:51:56","date_gmt":"2023-03-16T12:51:56","guid":{"rendered":"https:\/\/andante.zalox.pt\/park-ride\/"},"modified":"2023-04-03T09:21:23","modified_gmt":"2023-04-03T09:21:23","slug":"park-ride","status":"publish","type":"page","link":"https:\/\/andante.pt\/en\/park-ride\/","title":{"rendered":"Park &amp; Ride"},"content":{"rendered":"\t\t<div data-elementor-type=\"wp-page\" data-elementor-id=\"2072\" class=\"elementor elementor-2072 elementor-160\" data-elementor-post-type=\"page\">\n\t\t\t\t<div class=\"elementor-element elementor-element-8d16c23 e-flex e-con-boxed e-con e-parent\" data-id=\"8d16c23\" data-element_type=\"container\">\n\t\t\t\t\t<div class=\"e-con-inner\">\n\t\t<div class=\"elementor-element elementor-element-c94d55c e-con-full e-flex e-con e-parent\" data-id=\"c94d55c\" data-element_type=\"container\">\n\t\t\t\t<div class=\"elementor-element elementor-element-45688c0 breadcrumbs_realce elementor-widget elementor-widget-global elementor-global-894 elementor-widget-breadcrumbs\" data-id=\"45688c0\" data-element_type=\"widget\" data-widget_type=\"breadcrumbs.default\">\n\t\t\t\t<div class=\"elementor-widget-container\">\n\t\t\t<p id=\"breadcrumbs\"><span><span><a href=\"https:\/\/andante.pt\/en\/\">Home<\/a><\/span><\/span><\/p>\t\t<\/div>\n\t\t\t\t<\/div>\n\t\t\t\t<div class=\"elementor-element elementor-element-d00202b elementor-widget elementor-widget-heading\" data-id=\"d00202b\" data-element_type=\"widget\" data-widget_type=\"heading.default\">\n\t\t\t\t<div class=\"elementor-widget-container\">\n\t\t\t<h1 class=\"elementor-heading-title elementor-size-default\">Park &amp; Ride<\/h1>\t\t<\/div>\n\t\t\t\t<\/div>\n\t\t\t\t<div class=\"elementor-element elementor-element-33b2788 elementor-widget elementor-widget-text-editor\" data-id=\"33b2788\" data-element_type=\"widget\" data-widget_type=\"text-editor.default\">\n\t\t\t\t<div class=\"elementor-widget-container\">\n\t\t\t\t\t\t\t<p>The Park &amp; Ride system allows you to park and ride on public transport with the same Andante card at a reduced price.<\/p>\n<p>It is currently available at Drag\u00e3o and Botica metro stations.<\/p>\n\t\t\t\t\t\t<\/div>\n\t\t\t\t<\/div>\n\t\t<div class=\"elementor-element elementor-element-974afd4 e-con-full e-flex e-con e-parent\" data-id=\"974afd4\" data-element_type=\"container\">\n\t\t<div class=\"elementor-element elementor-element-832c6ed e-con-full e-flex e-con e-parent\" data-id=\"832c6ed\" data-element_type=\"container\">\n\t\t\t\t<div class=\"elementor-element elementor-element-f878329 elementor-widget elementor-widget-heading\" data-id=\"f878329\" data-element_type=\"widget\" data-widget_type=\"heading.default\">\n\t\t\t\t<div class=\"elementor-widget-container\">\n\t\t\t<div class=\"elementor-heading-title elementor-size-default\">Parque Metro (Drag\u00e3o)<\/div>\t\t<\/div>\n\t\t\t\t<\/div>\n\t\t\t\t<div class=\"elementor-element elementor-element-732d231 elementor-widget elementor-widget-image\" data-id=\"732d231\" data-element_type=\"widget\" data-widget_type=\"image.default\">\n\t\t\t\t<div class=\"elementor-widget-container\">\n\t\t\t\t\t\t\t\t\t\t\t\t\t<img decoding=\"async\" width=\"182\" height=\"41\" src=\"https:\/\/andante.pt\/wp-content\/uploads\/2023\/03\/Icons-linhas-ABEF.png\" class=\"attachment-medium size-medium wp-image-448\" alt=\"Icons linhas ABEF\" \/>\t\t\t\t\t\t\t\t\t\t\t\t\t<\/div>\n\t\t\t\t<\/div>\n\t\t\t\t<\/div>\n\t\t<div class=\"elementor-element elementor-element-11c40de e-con-full e-flex e-con e-parent\" data-id=\"11c40de\" data-element_type=\"container\">\n\t\t\t\t<div class=\"elementor-element elementor-element-3237f8b elementor-widget elementor-widget-heading\" data-id=\"3237f8b\" data-element_type=\"widget\" data-widget_type=\"heading.default\">\n\t\t\t\t<div class=\"elementor-widget-container\">\n\t\t\t<div class=\"elementor-heading-title elementor-size-default\">Parque Botica<\/div>\t\t<\/div>\n\t\t\t\t<\/div>\n\t\t\t\t<div class=\"elementor-element elementor-element-c0c38ed elementor-widget elementor-widget-image\" data-id=\"c0c38ed\" data-element_type=\"widget\" data-widget_type=\"image.default\">\n\t\t\t\t<div class=\"elementor-widget-container\">\n\t\t\t\t\t\t\t\t\t\t\t\t\t<img decoding=\"async\" width=\"41\" height=\"41\" src=\"https:\/\/andante.pt\/wp-content\/uploads\/2023\/03\/Icon-linha-E.png\" class=\"attachment-medium size-medium wp-image-446\" alt=\"Icon linha E\" \/>\t\t\t\t\t\t\t\t\t\t\t\t\t<\/div>\n\t\t\t\t<\/div>\n\t\t\t\t<\/div>\n\t\t\t\t<\/div>\n\t\t\t\t<div class=\"elementor-element elementor-element-1a5e599 elementor-hidden-tablet elementor-hidden-mobile elementor-widget elementor-widget-heading\" data-id=\"1a5e599\" data-element_type=\"widget\" data-widget_type=\"heading.default\">\n\t\t\t\t<div class=\"elementor-widget-container\">\n\t\t\t<h3 class=\"elementor-heading-title elementor-size-default\">How to join Park &amp; Ride?<\/h3>\t\t<\/div>\n\t\t\t\t<\/div>\n\t\t\t\t<div class=\"elementor-element elementor-element-5c88619 elementor-hidden-tablet elementor-hidden-mobile elementor-widget elementor-widget-text-editor\" data-id=\"5c88619\" data-element_type=\"widget\" data-widget_type=\"text-editor.default\">\n\t\t\t\t<div class=\"elementor-widget-container\">\n\t\t\t\t\t\t\t<p>To join the service, simply <strong>go to an Andante Shop<\/strong>, CP ticket office with Andante sale point or sales points of the Municipalities and <strong>top up your Andante PVC card with an &#8216;Andante Park &amp; Ride Monthly Ticket<\/strong>&#8216; which includes 2 components: the park and the Monthly ticket that has already topped up. <\/p>\n<p>The monthly top-up of the &#8216;Andante Park &amp; Ride Monthly Ticket&#8217; can be done at any Andante point of sale, <strong>including the automatic vending machines<\/strong> at Porto Metro stations.<\/p>\n\t\t\t\t\t\t<\/div>\n\t\t\t\t<\/div>\n\t\t\t\t<div class=\"elementor-element elementor-element-3d9cfc6 elementor-hidden-tablet elementor-hidden-mobile elementor-widget elementor-widget-text-editor\" data-id=\"3d9cfc6\" data-element_type=\"widget\" data-widget_type=\"text-editor.default\">\n\t\t\t\t<div class=\"elementor-widget-container\">\n\t\t\t\t\t\t\t<p>More information at <a href=\"https:\/\/www.metrodoporto.pt\/pages\/297\" target=\"_blank\" rel=\"noopener\">metrodoporto.pt<\/a><\/p>\n\t\t\t\t\t\t<\/div>\n\t\t\t\t<\/div>\n\t\t\t\t<\/div>\n\t\t<div class=\"elementor-element elementor-element-54e47cd e-con-full e-flex e-con e-parent\" data-id=\"54e47cd\" data-element_type=\"container\" data-settings=\"{&quot;position&quot;:&quot;absolute&quot;,&quot;background_background&quot;:&quot;classic&quot;}\">\n\t\t\t\t<\/div>\n\t\t\t\t\t<\/div>\n\t\t\t\t<\/div>\n\t\t<div class=\"elementor-element elementor-element-1440708 elementor-hidden-desktop e-flex e-con-boxed e-con e-parent\" data-id=\"1440708\" data-element_type=\"container\">\n\t\t\t\t\t<div class=\"e-con-inner\">\n\t\t\t\t<div class=\"elementor-element elementor-element-4c51cd3 elementor-widget elementor-widget-heading\" data-id=\"4c51cd3\" data-element_type=\"widget\" data-widget_type=\"heading.default\">\n\t\t\t\t<div class=\"elementor-widget-container\">\n\t\t\t<h3 class=\"elementor-heading-title elementor-size-default\">How to join Park &amp; Ride?<\/h3>\t\t<\/div>\n\t\t\t\t<\/div>\n\t\t\t\t<div class=\"elementor-element elementor-element-029f08f elementor-widget elementor-widget-text-editor\" data-id=\"029f08f\" data-element_type=\"widget\" data-widget_type=\"text-editor.default\">\n\t\t\t\t<div class=\"elementor-widget-container\">\n\t\t\t\t\t\t\t<p>To join the service, simply <strong>go to an Andante Shop<\/strong>, CP ticket office with Andante sale point or sales points of the Municipalities and <strong>top up your Andante PVC card with an &#8216;Andante Park &amp; Ride Monthly Ticket<\/strong>&#8216; which includes 2 components: the park and the Monthly ticket that has already topped up. <\/p>\n<p>The monthly top-up of the &#8216;Andante Park &amp; Ride Monthly Ticket&#8217; can be done at any Andante point of sale, <strong>including the automatic vending machines<\/strong> at Porto Metro stations.<\/p>\n\t\t\t\t\t\t<\/div>\n\t\t\t\t<\/div>\n\t\t\t\t<div class=\"elementor-element elementor-element-c35d2bb elementor-widget elementor-widget-text-editor\" data-id=\"c35d2bb\" data-element_type=\"widget\" data-widget_type=\"text-editor.default\">\n\t\t\t\t<div class=\"elementor-widget-container\">\n\t\t\t\t\t\t\t<p>More information at <a href=\"https:\/\/www.metrodoporto.pt\/pages\/297\" target=\"_blank\" rel=\"noopener\">metrodoporto.pt<\/a><\/p>\n\t\t\t\t\t\t<\/div>\n\t\t\t\t<\/div>\n\t\t\t\t\t<\/div>\n\t\t\t\t<\/div>\n\t\t\t\t<\/div>\n\t\t","protected":false},"excerpt":{"rendered":"<p>The Park &amp; Ride system allows you to park and ride on public transport with the same Andante card at a reduced price. It is currently available at Drag\u00e3o and Botica metro stations. Parque Metro (Drag\u00e3o) Parque Botica How to join Park &amp; Ride? To join the service, simply go to an Andante Shop, CP [&hellip;]<\/p>\n","protected":false},"author":1,"featured_media":0,"parent":0,"menu_order":0,"comment_status":"closed","ping_status":"closed","template":"","meta":{"footnotes":""},"class_list":["post-2072","page","type-page","status-publish","hentry"],"yoast_head":"<!-- This site is optimized with the Yoast SEO plugin v23.9 - https:\/\/yoast.com\/wordpress\/plugins\/seo\/ -->\n<title>Park &amp; Ride | Andante - Transportes Metropolitanos do Porto<\/title>\n<meta name=\"robots\" content=\"index, follow, max-snippet:-1, max-image-preview:large, max-video-preview:-1\" \/>\n<link rel=\"canonical\" href=\"https:\/\/andante.pt\/en\/park-ride\/\" \/>\n<meta property=\"og:locale\" content=\"en_US\" \/>\n<meta property=\"og:type\" content=\"article\" \/>\n<meta property=\"og:title\" content=\"Park &amp; Ride | Andante - Transportes Metropolitanos do Porto\" \/>\n<meta property=\"og:description\" content=\"The Park &amp; Ride system allows you to park and ride on public transport with the same Andante card at a reduced price. It is currently available at Drag\u00e3o and Botica metro stations. Parque Metro (Drag\u00e3o) Parque Botica How to join Park &amp; Ride? To join the service, simply go to an Andante Shop, CP [&hellip;]\" \/>\n<meta property=\"og:url\" content=\"https:\/\/andante.pt\/en\/park-ride\/\" \/>\n<meta property=\"og:site_name\" content=\"Andante - Transportes Metropolitanos do Porto\" \/>\n<meta property=\"article:publisher\" content=\"https:\/\/www.facebook.com\/andantept\/\" \/>\n<meta property=\"article:modified_time\" content=\"2023-04-03T09:21:23+00:00\" \/>\n<meta property=\"og:image\" content=\"https:\/\/linhandante.com\/wp-content\/uploads\/2023\/03\/Icons-linhas-ABEF.png\" \/>\n<meta name=\"twitter:card\" content=\"summary_large_image\" \/>\n<meta name=\"twitter:label1\" content=\"Est. reading time\" \/>\n\t<meta name=\"twitter:data1\" content=\"1 minute\" \/>\n<script type=\"application\/ld+json\" class=\"yoast-schema-graph\">{\"@context\":\"https:\/\/schema.org\",\"@graph\":[{\"@type\":\"WebPage\",\"@id\":\"https:\/\/andante.pt\/en\/park-ride\/\",\"url\":\"https:\/\/andante.pt\/en\/park-ride\/\",\"name\":\"Park &amp; Ride | Andante - Transportes Metropolitanos do Porto\",\"isPartOf\":{\"@id\":\"https:\/\/andante.pt\/en\/#website\"},\"primaryImageOfPage\":{\"@id\":\"https:\/\/andante.pt\/en\/park-ride\/#primaryimage\"},\"image\":{\"@id\":\"https:\/\/andante.pt\/en\/park-ride\/#primaryimage\"},\"thumbnailUrl\":\"https:\/\/linhandante.com\/wp-content\/uploads\/2023\/03\/Icons-linhas-ABEF.png\",\"datePublished\":\"2023-03-16T12:51:56+00:00\",\"dateModified\":\"2023-04-03T09:21:23+00:00\",\"breadcrumb\":{\"@id\":\"https:\/\/andante.pt\/en\/park-ride\/#breadcrumb\"},\"inLanguage\":\"en-US\",\"potentialAction\":[{\"@type\":\"ReadAction\",\"target\":[\"https:\/\/andante.pt\/en\/park-ride\/\"]}]},{\"@type\":\"ImageObject\",\"inLanguage\":\"en-US\",\"@id\":\"https:\/\/andante.pt\/en\/park-ride\/#primaryimage\",\"url\":\"https:\/\/linhandante.com\/wp-content\/uploads\/2023\/03\/Icons-linhas-ABEF.png\",\"contentUrl\":\"https:\/\/linhandante.com\/wp-content\/uploads\/2023\/03\/Icons-linhas-ABEF.png\"},{\"@type\":\"BreadcrumbList\",\"@id\":\"https:\/\/andante.pt\/en\/park-ride\/#breadcrumb\",\"itemListElement\":[{\"@type\":\"ListItem\",\"position\":1,\"name\":\"Home\",\"item\":\"https:\/\/andante.pt\/en\/\"},{\"@type\":\"ListItem\",\"position\":2,\"name\":\"Park &amp; Ride\"}]},{\"@type\":\"WebSite\",\"@id\":\"https:\/\/andante.pt\/en\/#website\",\"url\":\"https:\/\/andante.pt\/en\/\",\"name\":\"Andante - Transportes Metropolitanos do Porto\",\"description\":\"O Andante \u00e9 o t\u00edtulo para os transportes p\u00fablicos da \u00c1rea Metropolitana do Porto.\",\"publisher\":{\"@id\":\"https:\/\/andante.pt\/en\/#organization\"},\"alternateName\":\"Andante - Transportes Intermodais do Porto\",\"potentialAction\":[{\"@type\":\"SearchAction\",\"target\":{\"@type\":\"EntryPoint\",\"urlTemplate\":\"https:\/\/andante.pt\/en\/?s={search_term_string}\"},\"query-input\":{\"@type\":\"PropertyValueSpecification\",\"valueRequired\":true,\"valueName\":\"search_term_string\"}}],\"inLanguage\":\"en-US\"},{\"@type\":\"Organization\",\"@id\":\"https:\/\/andante.pt\/en\/#organization\",\"name\":\"Andante - Transportes Intermodais do Porto\",\"alternateName\":\"Andante - Transportes Intermodais do Porto\",\"url\":\"https:\/\/andante.pt\/en\/\",\"logo\":{\"@type\":\"ImageObject\",\"inLanguage\":\"en-US\",\"@id\":\"https:\/\/andante.pt\/en\/#\/schema\/logo\/image\/\",\"url\":\"https:\/\/andante.pt\/wp-content\/uploads\/2023\/03\/logo_andante.svg\",\"contentUrl\":\"https:\/\/andante.pt\/wp-content\/uploads\/2023\/03\/logo_andante.svg\",\"width\":1,\"height\":1,\"caption\":\"Andante - Transportes Intermodais do Porto\"},\"image\":{\"@id\":\"https:\/\/andante.pt\/en\/#\/schema\/logo\/image\/\"},\"sameAs\":[\"https:\/\/www.facebook.com\/andantept\/\"]}]}<\/script>\n<!-- \/ Yoast SEO plugin. -->","yoast_head_json":{"title":"Park &amp; Ride | Andante - Transportes Metropolitanos do Porto","robots":{"index":"index","follow":"follow","max-snippet":"max-snippet:-1","max-image-preview":"max-image-preview:large","max-video-preview":"max-video-preview:-1"},"canonical":"https:\/\/andante.pt\/en\/park-ride\/","og_locale":"en_US","og_type":"article","og_title":"Park &amp; Ride | Andante - Transportes Metropolitanos do Porto","og_description":"The Park &amp; Ride system allows you to park and ride on public transport with the same Andante card at a reduced price. It is currently available at Drag\u00e3o and Botica metro stations. Parque Metro (Drag\u00e3o) Parque Botica How to join Park &amp; Ride? To join the service, simply go to an Andante Shop, CP [&hellip;]","og_url":"https:\/\/andante.pt\/en\/park-ride\/","og_site_name":"Andante - Transportes Metropolitanos do Porto","article_publisher":"https:\/\/www.facebook.com\/andantept\/","article_modified_time":"2023-04-03T09:21:23+00:00","og_image":[{"url":"https:\/\/linhandante.com\/wp-content\/uploads\/2023\/03\/Icons-linhas-ABEF.png"}],"twitter_card":"summary_large_image","twitter_misc":{"Est. reading time":"1 minute"},"schema":{"@context":"https:\/\/schema.org","@graph":[{"@type":"WebPage","@id":"https:\/\/andante.pt\/en\/park-ride\/","url":"https:\/\/andante.pt\/en\/park-ride\/","name":"Park &amp; Ride | Andante - Transportes Metropolitanos do Porto","isPartOf":{"@id":"https:\/\/andante.pt\/en\/#website"},"primaryImageOfPage":{"@id":"https:\/\/andante.pt\/en\/park-ride\/#primaryimage"},"image":{"@id":"https:\/\/andante.pt\/en\/park-ride\/#primaryimage"},"thumbnailUrl":"https:\/\/linhandante.com\/wp-content\/uploads\/2023\/03\/Icons-linhas-ABEF.png","datePublished":"2023-03-16T12:51:56+00:00","dateModified":"2023-04-03T09:21:23+00:00","breadcrumb":{"@id":"https:\/\/andante.pt\/en\/park-ride\/#breadcrumb"},"inLanguage":"en-US","potentialAction":[{"@type":"ReadAction","target":["https:\/\/andante.pt\/en\/park-ride\/"]}]},{"@type":"ImageObject","inLanguage":"en-US","@id":"https:\/\/andante.pt\/en\/park-ride\/#primaryimage","url":"https:\/\/linhandante.com\/wp-content\/uploads\/2023\/03\/Icons-linhas-ABEF.png","contentUrl":"https:\/\/linhandante.com\/wp-content\/uploads\/2023\/03\/Icons-linhas-ABEF.png"},{"@type":"BreadcrumbList","@id":"https:\/\/andante.pt\/en\/park-ride\/#breadcrumb","itemListElement":[{"@type":"ListItem","position":1,"name":"Home","item":"https:\/\/andante.pt\/en\/"},{"@type":"ListItem","position":2,"name":"Park &amp; Ride"}]},{"@type":"WebSite","@id":"https:\/\/andante.pt\/en\/#website","url":"https:\/\/andante.pt\/en\/","name":"Andante - Transportes Metropolitanos do Porto","description":"O Andante \u00e9 o t\u00edtulo para os transportes p\u00fablicos da \u00c1rea Metropolitana do Porto.","publisher":{"@id":"https:\/\/andante.pt\/en\/#organization"},"alternateName":"Andante - Transportes Intermodais do Porto","potentialAction":[{"@type":"SearchAction","target":{"@type":"EntryPoint","urlTemplate":"https:\/\/andante.pt\/en\/?s={search_term_string}"},"query-input":{"@type":"PropertyValueSpecification","valueRequired":true,"valueName":"search_term_string"}}],"inLanguage":"en-US"},{"@type":"Organization","@id":"https:\/\/andante.pt\/en\/#organization","name":"Andante - Transportes Intermodais do Porto","alternateName":"Andante - Transportes Intermodais do Porto","url":"https:\/\/andante.pt\/en\/","logo":{"@type":"ImageObject","inLanguage":"en-US","@id":"https:\/\/andante.pt\/en\/#\/schema\/logo\/image\/","url":"https:\/\/andante.pt\/wp-content\/uploads\/2023\/03\/logo_andante.svg","contentUrl":"https:\/\/andante.pt\/wp-content\/uploads\/2023\/03\/logo_andante.svg","width":1,"height":1,"caption":"Andante - Transportes Intermodais do Porto"},"image":{"@id":"https:\/\/andante.pt\/en\/#\/schema\/logo\/image\/"},"sameAs":["https:\/\/www.facebook.com\/andantept\/"]}]}},"_links":{"self":[{"href":"https:\/\/andante.pt\/en\/wp-json\/wp\/v2\/pages\/2072","targetHints":{"allow":["GET"]}}],"collection":[{"href":"https:\/\/andante.pt\/en\/wp-json\/wp\/v2\/pages"}],"about":[{"href":"https:\/\/andante.pt\/en\/wp-json\/wp\/v2\/types\/page"}],"author":[{"embeddable":true,"href":"https:\/\/andante.pt\/en\/wp-json\/wp\/v2\/users\/1"}],"replies":[{"embeddable":true,"href":"https:\/\/andante.pt\/en\/wp-json\/wp\/v2\/comments?post=2072"}],"version-history":[{"count":1,"href":"https:\/\/andante.pt\/en\/wp-json\/wp\/v2\/pages\/2072\/revisions"}],"predecessor-version":[{"id":2073,"href":"https:\/\/andante.pt\/en\/wp-json\/wp\/v2\/pages\/2072\/revisions\/2073"}],"wp:attachment":[{"href":"https:\/\/andante.pt\/en\/wp-json\/wp\/v2\/media?parent=2072"}],"curies":[{"name":"wp","href":"https:\/\/api.w.org\/{rel}","templated":true}]}}