{"id":3081,"date":"2023-03-16T12:52:32","date_gmt":"2023-03-16T12:52:32","guid":{"rendered":"https:\/\/andante.zalox.pt\/validation\/"},"modified":"2023-04-12T09:57:38","modified_gmt":"2023-04-12T09:57:38","slug":"validation","status":"publish","type":"page","link":"https:\/\/andante.pt\/en\/validation\/","title":{"rendered":"Validation"},"content":{"rendered":"\t\t<div data-elementor-type=\"wp-page\" data-elementor-id=\"3081\" class=\"elementor elementor-3081 elementor-166\" data-elementor-post-type=\"page\">\n\t\t\t\t<div class=\"elementor-element elementor-element-8044a29 e-con-full e-flex e-con e-parent\" data-id=\"8044a29\" data-element_type=\"container\">\n\t\t\t\t<div class=\"elementor-element elementor-element-007a8c8 elementor-widget elementor-widget-image\" data-id=\"007a8c8\" data-element_type=\"widget\" data-widget_type=\"image.default\">\n\t\t\t\t<div class=\"elementor-widget-container\">\n\t\t\t\t\t\t\t\t\t\t\t\t\t<img fetchpriority=\"high\" decoding=\"async\" width=\"1920\" height=\"371\" src=\"https:\/\/andante.pt\/wp-content\/uploads\/2023\/03\/Validacao-Andante.webp\" class=\"attachment-full size-full wp-image-924\" alt=\"Valida\u00e7\u00e3o Andante\" srcset=\"https:\/\/andante.pt\/wp-content\/uploads\/2023\/03\/Validacao-Andante.webp 1920w, https:\/\/andante.pt\/wp-content\/uploads\/2023\/03\/Validacao-Andante-600x116.webp 600w, https:\/\/andante.pt\/wp-content\/uploads\/2023\/03\/Validacao-Andante-1024x198.webp 1024w, https:\/\/andante.pt\/wp-content\/uploads\/2023\/03\/Validacao-Andante-768x148.webp 768w, https:\/\/andante.pt\/wp-content\/uploads\/2023\/03\/Validacao-Andante-1536x297.webp 1536w\" sizes=\"(max-width: 1920px) 100vw, 1920px\" \/>\t\t\t\t\t\t\t\t\t\t\t\t\t<\/div>\n\t\t\t\t<\/div>\n\t\t\t\t<\/div>\n\t\t<div class=\"elementor-element elementor-element-317f69cf e-flex e-con-boxed e-con e-parent\" data-id=\"317f69cf\" data-element_type=\"container\">\n\t\t\t\t\t<div class=\"e-con-inner\">\n\t\t\t\t<div class=\"elementor-element elementor-element-62d71206 breadcrumbs_realce elementor-widget elementor-widget-global elementor-global-894 elementor-widget-breadcrumbs\" data-id=\"62d71206\" data-element_type=\"widget\" data-widget_type=\"breadcrumbs.default\">\n\t\t\t\t<div class=\"elementor-widget-container\">\n\t\t\t<p id=\"breadcrumbs\"><span><span><a href=\"https:\/\/andante.pt\/en\/\">Home<\/a><\/span><\/span><\/p>\t\t<\/div>\n\t\t\t\t<\/div>\n\t\t\t\t<div class=\"elementor-element elementor-element-480c974e elementor-widget elementor-widget-heading\" data-id=\"480c974e\" data-element_type=\"widget\" data-widget_type=\"heading.default\">\n\t\t\t\t<div class=\"elementor-widget-container\">\n\t\t\t<h1 class=\"elementor-heading-title elementor-size-default\">Validation<\/h1>\t\t<\/div>\n\t\t\t\t<\/div>\n\t\t<div class=\"elementor-element elementor-element-1e70488 e-con-full e-flex e-con e-parent\" data-id=\"1e70488\" data-element_type=\"container\">\n\t\t<div class=\"elementor-element elementor-element-e7f5e8f e-con-full e-flex e-con e-parent\" data-id=\"e7f5e8f\" data-element_type=\"container\">\n\t\t\t\t<div class=\"elementor-element elementor-element-e64a367 elementor-align-left elementor-icon-list--layout-traditional elementor-list-item-link-full_width elementor-widget elementor-widget-icon-list\" data-id=\"e64a367\" data-element_type=\"widget\" data-widget_type=\"icon-list.default\">\n\t\t\t\t<div class=\"elementor-widget-container\">\n\t\t\t\t\t<ul class=\"elementor-icon-list-items\">\n\t\t\t\t\t\t\t<li class=\"elementor-icon-list-item\">\n\t\t\t\t\t\t\t\t\t\t\t<span class=\"elementor-icon-list-icon\">\n\t\t\t\t\t\t\t<svg xmlns=\"http:\/\/www.w3.org\/2000\/svg\" width=\"29.539\" height=\"29.539\" viewBox=\"0 0 29.539 29.539\"><defs><style>.a13{fill:none;stroke:#004288;stroke-linecap:round;stroke-linejoin:round;stroke-width:3px;}<\/style><\/defs><g transform=\"translate(-1.5 -1.5)\"><path class=\"a13\" d=\"M29.539,16.27A13.27,13.27,0,1,1,16.27,3a13.27,13.27,0,0,1,13.27,13.27Z\" transform=\"translate(0 0)\"><\/path><path class=\"a13\" d=\"M18,9v7.962l5.308,2.654\" transform=\"translate(-1.73 -0.692)\"><\/path><\/g><\/svg>\t\t\t\t\t\t<\/span>\n\t\t\t\t\t\t\t\t\t\t<span class=\"elementor-icon-list-text\">When?<\/span>\n\t\t\t\t\t\t\t\t\t<\/li>\n\t\t\t\t\t\t<\/ul>\n\t\t\t\t<\/div>\n\t\t\t\t<\/div>\n\t\t\t\t<div class=\"elementor-element elementor-element-ac3672f remover_marcadores elementor-widget elementor-widget-text-editor\" data-id=\"ac3672f\" data-element_type=\"widget\" data-widget_type=\"text-editor.default\">\n\t\t\t\t<div class=\"elementor-widget-container\">\n\t\t\t\t\t\t\t<p><b>ALWAYS!<\/b> When you start a journey, when you change line or transport and whichever your card is. You can validate your ticket a maximum of 10 minutes before starting your journey.<\/p>\n<ul>\n<li>Warning!<\/li>\n<li>&#8211; Monthly ticketes must always be validated.<\/li>\n<li>&#8211; Bring close to the validator only the card or the App you want to use for travelling.<\/li>\n<\/ul>\t\t\t\t\t\t<\/div>\n\t\t\t\t<\/div>\n\t\t\t\t<\/div>\n\t\t<div class=\"elementor-element elementor-element-92b8dea e-con-full dashed_container e-flex e-con e-parent\" data-id=\"92b8dea\" data-element_type=\"container\">\n\t\t\t\t<div class=\"elementor-element elementor-element-ec5f585 elementor-align-left elementor-icon-list--layout-traditional elementor-list-item-link-full_width elementor-widget elementor-widget-icon-list\" data-id=\"ec5f585\" data-element_type=\"widget\" data-widget_type=\"icon-list.default\">\n\t\t\t\t<div class=\"elementor-widget-container\">\n\t\t\t\t\t<ul class=\"elementor-icon-list-items\">\n\t\t\t\t\t\t\t<li class=\"elementor-icon-list-item\">\n\t\t\t\t\t\t\t\t\t\t\t<span class=\"elementor-icon-list-icon\">\n\t\t\t\t\t\t\t<svg xmlns=\"http:\/\/www.w3.org\/2000\/svg\" width=\"25.806\" height=\"30.874\" viewBox=\"0 0 25.806 30.874\"><defs><style>.a12{fill:none;stroke:#004288;stroke-linecap:round;stroke-linejoin:round;stroke-width:3px;}<\/style><\/defs><g transform=\"translate(-3)\"><path class=\"a12\" d=\"M27.306,12.9c0,8.869-11.4,16.471-11.4,16.471S4.5,21.772,4.5,12.9a11.4,11.4,0,1,1,22.806,0Z\" transform=\"translate(0 0)\"><\/path><path class=\"a12\" d=\"M21.1,14.3a3.8,3.8,0,1,1-3.8-3.8,3.8,3.8,0,0,1,3.8,3.8Z\" transform=\"translate(-1.398 -1.398)\"><\/path><\/g><\/svg>\t\t\t\t\t\t<\/span>\n\t\t\t\t\t\t\t\t\t\t<span class=\"elementor-icon-list-text\">Where?<\/span>\n\t\t\t\t\t\t\t\t\t<\/li>\n\t\t\t\t\t\t<\/ul>\n\t\t\t\t<\/div>\n\t\t\t\t<\/div>\n\t\t\t\t<div class=\"elementor-element elementor-element-30b28c9 remover_marcadores elementor-widget elementor-widget-text-editor\" data-id=\"30b28c9\" data-element_type=\"widget\" data-widget_type=\"text-editor.default\">\n\t\t\t\t<div class=\"elementor-widget-container\">\n\t\t\t\t\t\t\t<p>On trains and subways, use the existing validators in the stations.<\/p>\n<p>On buses, use the validators at the entrance of the vehicle.<\/p>\n\t\t\t\t\t\t<\/div>\n\t\t\t\t<\/div>\n\t\t\t\t<\/div>\n\t\t<div class=\"elementor-element elementor-element-89cbd22 e-con-full e-flex e-con e-parent\" data-id=\"89cbd22\" data-element_type=\"container\">\n\t\t\t\t<div class=\"elementor-element elementor-element-f5a6f5a elementor-align-left elementor-icon-list--layout-traditional elementor-list-item-link-full_width elementor-widget elementor-widget-icon-list\" data-id=\"f5a6f5a\" data-element_type=\"widget\" data-widget_type=\"icon-list.default\">\n\t\t\t\t<div class=\"elementor-widget-container\">\n\t\t\t\t\t<ul class=\"elementor-icon-list-items\">\n\t\t\t\t\t\t\t<li class=\"elementor-icon-list-item\">\n\t\t\t\t\t\t\t\t\t\t\t<span class=\"elementor-icon-list-icon\">\n\t\t\t\t\t\t\t<svg xmlns=\"http:\/\/www.w3.org\/2000\/svg\" width=\"21.863\" height=\"30.5\" viewBox=\"0 0 21.863 30.5\"><defs><style>.a11{fill:#004288;}<\/style><\/defs><path class=\"a11\" d=\"M13.746,31.975A1.548,1.548,0,0,0,15.308,33.5h6.246a1.548,1.548,0,0,0,1.562-1.525V30.45h-9.37ZM18.431,3A10.817,10.817,0,0,0,7.5,13.675a10.6,10.6,0,0,0,4.685,8.754v3.446A1.548,1.548,0,0,0,13.746,27.4h9.37a1.548,1.548,0,0,0,1.562-1.525V22.429a10.6,10.6,0,0,0,4.685-8.754A10.817,10.817,0,0,0,18.431,3Zm4.451,16.927-1.327.915V24.35H15.308V20.842l-1.327-.915a7.57,7.57,0,0,1-3.357-6.253,7.81,7.81,0,0,1,15.616,0A7.57,7.57,0,0,1,22.882,19.927Z\" transform=\"translate(-7.5 -3)\"><\/path><\/svg>\t\t\t\t\t\t<\/span>\n\t\t\t\t\t\t\t\t\t\t<span class=\"elementor-icon-list-text\">How?<\/span>\n\t\t\t\t\t\t\t\t\t<\/li>\n\t\t\t\t\t\t<\/ul>\n\t\t\t\t<\/div>\n\t\t\t\t<\/div>\n\t\t\t\t<div class=\"elementor-element elementor-element-1cc4c2c remover_marcadores elementor-widget elementor-widget-text-editor\" data-id=\"1cc4c2c\" data-element_type=\"widget\" data-widget_type=\"text-editor.default\">\n\t\t\t\t<div class=\"elementor-widget-container\">\n\t\t\t\t\t\t\t<p>Approach the card less than 10 cm away from the black circle of the validator.<\/p>\n<p>If a green light comes on, validation is correct. You&#8217;ll hear a sound and can read on the validator screen the balance remaining on the card.<\/p>\n<p>If a red light comes on, the validation is not correct. You&#8217;ll hear a different sound and can read a message on the validator screen indicating the reason. To read the message carefully, hold your card for a few seconds in front of the black circle on the validator.<\/p>\n\t\t\t\t\t\t<\/div>\n\t\t\t\t<\/div>\n\t\t\t\t<\/div>\n\t\t\t\t<\/div>\n\t\t\t\t\t<\/div>\n\t\t\t\t<\/div>\n\t\t\t\t<\/div>\n\t\t","protected":false},"excerpt":{"rendered":"<p>When? ALWAYS! When you start a journey, when you change line or transport and whichever your card is. You can validate your ticket a maximum of 10 minutes before starting your journey. Warning! &#8211; Monthly ticketes must always be validated. &#8211; Bring close to the validator only the card or the App you want to [&hellip;]<\/p>\n","protected":false},"author":1,"featured_media":0,"parent":0,"menu_order":0,"comment_status":"closed","ping_status":"closed","template":"","meta":{"footnotes":""},"class_list":["post-3081","page","type-page","status-publish","hentry"],"yoast_head":"<!-- This site is optimized with the Yoast SEO plugin v23.9 - https:\/\/yoast.com\/wordpress\/plugins\/seo\/ -->\n<title>Validation | Andante - Transportes Metropolitanos do Porto<\/title>\n<meta name=\"robots\" content=\"index, follow, max-snippet:-1, max-image-preview:large, max-video-preview:-1\" \/>\n<link rel=\"canonical\" href=\"https:\/\/andante.pt\/en\/validation\/\" \/>\n<meta property=\"og:locale\" content=\"en_US\" \/>\n<meta property=\"og:type\" content=\"article\" \/>\n<meta property=\"og:title\" content=\"Validation | Andante - Transportes Metropolitanos do Porto\" \/>\n<meta property=\"og:description\" content=\"When? ALWAYS! When you start a journey, when you change line or transport and whichever your card is. You can validate your ticket a maximum of 10 minutes before starting your journey. Warning! &#8211; Monthly ticketes must always be validated. &#8211; Bring close to the validator only the card or the App you want to [&hellip;]\" \/>\n<meta property=\"og:url\" content=\"https:\/\/andante.pt\/en\/validation\/\" \/>\n<meta property=\"og:site_name\" content=\"Andante - Transportes Metropolitanos do Porto\" \/>\n<meta property=\"article:publisher\" content=\"https:\/\/www.facebook.com\/andantept\/\" \/>\n<meta property=\"article:modified_time\" content=\"2023-04-12T09:57:38+00:00\" \/>\n<meta property=\"og:image\" content=\"https:\/\/linhandante.com\/wp-content\/uploads\/2023\/03\/Validacao-Andante.webp\" \/>\n<meta name=\"twitter:card\" content=\"summary_large_image\" \/>\n<meta name=\"twitter:label1\" content=\"Est. reading time\" \/>\n\t<meta name=\"twitter:data1\" content=\"1 minute\" \/>\n<script type=\"application\/ld+json\" class=\"yoast-schema-graph\">{\"@context\":\"https:\/\/schema.org\",\"@graph\":[{\"@type\":\"WebPage\",\"@id\":\"https:\/\/andante.pt\/en\/validation\/\",\"url\":\"https:\/\/andante.pt\/en\/validation\/\",\"name\":\"Validation | Andante - Transportes Metropolitanos do Porto\",\"isPartOf\":{\"@id\":\"https:\/\/andante.pt\/en\/#website\"},\"primaryImageOfPage\":{\"@id\":\"https:\/\/andante.pt\/en\/validation\/#primaryimage\"},\"image\":{\"@id\":\"https:\/\/andante.pt\/en\/validation\/#primaryimage\"},\"thumbnailUrl\":\"https:\/\/linhandante.com\/wp-content\/uploads\/2023\/03\/Validacao-Andante.webp\",\"datePublished\":\"2023-03-16T12:52:32+00:00\",\"dateModified\":\"2023-04-12T09:57:38+00:00\",\"breadcrumb\":{\"@id\":\"https:\/\/andante.pt\/en\/validation\/#breadcrumb\"},\"inLanguage\":\"en-US\",\"potentialAction\":[{\"@type\":\"ReadAction\",\"target\":[\"https:\/\/andante.pt\/en\/validation\/\"]}]},{\"@type\":\"ImageObject\",\"inLanguage\":\"en-US\",\"@id\":\"https:\/\/andante.pt\/en\/validation\/#primaryimage\",\"url\":\"https:\/\/linhandante.com\/wp-content\/uploads\/2023\/03\/Validacao-Andante.webp\",\"contentUrl\":\"https:\/\/linhandante.com\/wp-content\/uploads\/2023\/03\/Validacao-Andante.webp\"},{\"@type\":\"BreadcrumbList\",\"@id\":\"https:\/\/andante.pt\/en\/validation\/#breadcrumb\",\"itemListElement\":[{\"@type\":\"ListItem\",\"position\":1,\"name\":\"Home\",\"item\":\"https:\/\/andante.pt\/en\/\"},{\"@type\":\"ListItem\",\"position\":2,\"name\":\"Validation\"}]},{\"@type\":\"WebSite\",\"@id\":\"https:\/\/andante.pt\/en\/#website\",\"url\":\"https:\/\/andante.pt\/en\/\",\"name\":\"Andante - Transportes Metropolitanos do Porto\",\"description\":\"O Andante \u00e9 o t\u00edtulo para os transportes p\u00fablicos da \u00c1rea Metropolitana do Porto.\",\"publisher\":{\"@id\":\"https:\/\/andante.pt\/en\/#organization\"},\"alternateName\":\"Andante - Transportes Intermodais do Porto\",\"potentialAction\":[{\"@type\":\"SearchAction\",\"target\":{\"@type\":\"EntryPoint\",\"urlTemplate\":\"https:\/\/andante.pt\/en\/?s={search_term_string}\"},\"query-input\":{\"@type\":\"PropertyValueSpecification\",\"valueRequired\":true,\"valueName\":\"search_term_string\"}}],\"inLanguage\":\"en-US\"},{\"@type\":\"Organization\",\"@id\":\"https:\/\/andante.pt\/en\/#organization\",\"name\":\"Andante - Transportes Intermodais do Porto\",\"alternateName\":\"Andante - Transportes Intermodais do Porto\",\"url\":\"https:\/\/andante.pt\/en\/\",\"logo\":{\"@type\":\"ImageObject\",\"inLanguage\":\"en-US\",\"@id\":\"https:\/\/andante.pt\/en\/#\/schema\/logo\/image\/\",\"url\":\"https:\/\/andante.pt\/wp-content\/uploads\/2023\/03\/logo_andante.svg\",\"contentUrl\":\"https:\/\/andante.pt\/wp-content\/uploads\/2023\/03\/logo_andante.svg\",\"width\":1,\"height\":1,\"caption\":\"Andante - Transportes Intermodais do Porto\"},\"image\":{\"@id\":\"https:\/\/andante.pt\/en\/#\/schema\/logo\/image\/\"},\"sameAs\":[\"https:\/\/www.facebook.com\/andantept\/\"]}]}<\/script>\n<!-- \/ Yoast SEO plugin. -->","yoast_head_json":{"title":"Validation | Andante - Transportes Metropolitanos do Porto","robots":{"index":"index","follow":"follow","max-snippet":"max-snippet:-1","max-image-preview":"max-image-preview:large","max-video-preview":"max-video-preview:-1"},"canonical":"https:\/\/andante.pt\/en\/validation\/","og_locale":"en_US","og_type":"article","og_title":"Validation | Andante - Transportes Metropolitanos do Porto","og_description":"When? ALWAYS! When you start a journey, when you change line or transport and whichever your card is. You can validate your ticket a maximum of 10 minutes before starting your journey. Warning! &#8211; Monthly ticketes must always be validated. &#8211; Bring close to the validator only the card or the App you want to [&hellip;]","og_url":"https:\/\/andante.pt\/en\/validation\/","og_site_name":"Andante - Transportes Metropolitanos do Porto","article_publisher":"https:\/\/www.facebook.com\/andantept\/","article_modified_time":"2023-04-12T09:57:38+00:00","og_image":[{"url":"https:\/\/linhandante.com\/wp-content\/uploads\/2023\/03\/Validacao-Andante.webp"}],"twitter_card":"summary_large_image","twitter_misc":{"Est. reading time":"1 minute"},"schema":{"@context":"https:\/\/schema.org","@graph":[{"@type":"WebPage","@id":"https:\/\/andante.pt\/en\/validation\/","url":"https:\/\/andante.pt\/en\/validation\/","name":"Validation | Andante - Transportes Metropolitanos do Porto","isPartOf":{"@id":"https:\/\/andante.pt\/en\/#website"},"primaryImageOfPage":{"@id":"https:\/\/andante.pt\/en\/validation\/#primaryimage"},"image":{"@id":"https:\/\/andante.pt\/en\/validation\/#primaryimage"},"thumbnailUrl":"https:\/\/linhandante.com\/wp-content\/uploads\/2023\/03\/Validacao-Andante.webp","datePublished":"2023-03-16T12:52:32+00:00","dateModified":"2023-04-12T09:57:38+00:00","breadcrumb":{"@id":"https:\/\/andante.pt\/en\/validation\/#breadcrumb"},"inLanguage":"en-US","potentialAction":[{"@type":"ReadAction","target":["https:\/\/andante.pt\/en\/validation\/"]}]},{"@type":"ImageObject","inLanguage":"en-US","@id":"https:\/\/andante.pt\/en\/validation\/#primaryimage","url":"https:\/\/linhandante.com\/wp-content\/uploads\/2023\/03\/Validacao-Andante.webp","contentUrl":"https:\/\/linhandante.com\/wp-content\/uploads\/2023\/03\/Validacao-Andante.webp"},{"@type":"BreadcrumbList","@id":"https:\/\/andante.pt\/en\/validation\/#breadcrumb","itemListElement":[{"@type":"ListItem","position":1,"name":"Home","item":"https:\/\/andante.pt\/en\/"},{"@type":"ListItem","position":2,"name":"Validation"}]},{"@type":"WebSite","@id":"https:\/\/andante.pt\/en\/#website","url":"https:\/\/andante.pt\/en\/","name":"Andante - Transportes Metropolitanos do Porto","description":"O Andante \u00e9 o t\u00edtulo para os transportes p\u00fablicos da \u00c1rea Metropolitana do Porto.","publisher":{"@id":"https:\/\/andante.pt\/en\/#organization"},"alternateName":"Andante - Transportes Intermodais do Porto","potentialAction":[{"@type":"SearchAction","target":{"@type":"EntryPoint","urlTemplate":"https:\/\/andante.pt\/en\/?s={search_term_string}"},"query-input":{"@type":"PropertyValueSpecification","valueRequired":true,"valueName":"search_term_string"}}],"inLanguage":"en-US"},{"@type":"Organization","@id":"https:\/\/andante.pt\/en\/#organization","name":"Andante - Transportes Intermodais do Porto","alternateName":"Andante - Transportes Intermodais do Porto","url":"https:\/\/andante.pt\/en\/","logo":{"@type":"ImageObject","inLanguage":"en-US","@id":"https:\/\/andante.pt\/en\/#\/schema\/logo\/image\/","url":"https:\/\/andante.pt\/wp-content\/uploads\/2023\/03\/logo_andante.svg","contentUrl":"https:\/\/andante.pt\/wp-content\/uploads\/2023\/03\/logo_andante.svg","width":1,"height":1,"caption":"Andante - Transportes Intermodais do Porto"},"image":{"@id":"https:\/\/andante.pt\/en\/#\/schema\/logo\/image\/"},"sameAs":["https:\/\/www.facebook.com\/andantept\/"]}]}},"_links":{"self":[{"href":"https:\/\/andante.pt\/en\/wp-json\/wp\/v2\/pages\/3081","targetHints":{"allow":["GET"]}}],"collection":[{"href":"https:\/\/andante.pt\/en\/wp-json\/wp\/v2\/pages"}],"about":[{"href":"https:\/\/andante.pt\/en\/wp-json\/wp\/v2\/types\/page"}],"author":[{"embeddable":true,"href":"https:\/\/andante.pt\/en\/wp-json\/wp\/v2\/users\/1"}],"replies":[{"embeddable":true,"href":"https:\/\/andante.pt\/en\/wp-json\/wp\/v2\/comments?post=3081"}],"version-history":[{"count":1,"href":"https:\/\/andante.pt\/en\/wp-json\/wp\/v2\/pages\/3081\/revisions"}],"predecessor-version":[{"id":3082,"href":"https:\/\/andante.pt\/en\/wp-json\/wp\/v2\/pages\/3081\/revisions\/3082"}],"wp:attachment":[{"href":"https:\/\/andante.pt\/en\/wp-json\/wp\/v2\/media?parent=3081"}],"curies":[{"name":"wp","href":"https:\/\/api.w.org\/{rel}","templated":true}]}}