{"id":3182,"date":"2023-03-16T12:51:20","date_gmt":"2023-03-16T12:51:20","guid":{"rendered":"https:\/\/andante.zalox.pt\/?page_id=3182"},"modified":"2023-05-09T10:49:10","modified_gmt":"2023-05-09T10:49:10","slug":"sales-network","status":"publish","type":"page","link":"https:\/\/andante.pt\/en\/sales-network\/","title":{"rendered":"Sales Network"},"content":{"rendered":"\t\t<div data-elementor-type=\"wp-page\" data-elementor-id=\"3182\" class=\"elementor elementor-3182 elementor-156\" data-elementor-post-type=\"page\">\n\t\t\t\t<div class=\"elementor-element elementor-element-3308311 e-flex e-con-boxed e-con e-parent\" data-id=\"3308311\" data-element_type=\"container\">\n\t\t\t\t\t<div class=\"e-con-inner\">\n\t\t\t\t<div class=\"elementor-element elementor-element-02f9189 breadcrumbs_realce elementor-widget elementor-widget-global elementor-global-894 elementor-widget-breadcrumbs\" data-id=\"02f9189\" data-element_type=\"widget\" data-widget_type=\"breadcrumbs.default\">\n\t\t\t\t<div class=\"elementor-widget-container\">\n\t\t\t<p id=\"breadcrumbs\"><span><span><a href=\"https:\/\/andante.pt\/en\/\">Home<\/a><\/span><\/span><\/p>\t\t<\/div>\n\t\t\t\t<\/div>\n\t\t\t\t<div class=\"elementor-element elementor-element-1cbb2c5 elementor-widget elementor-widget-heading\" data-id=\"1cbb2c5\" data-element_type=\"widget\" data-widget_type=\"heading.default\">\n\t\t\t\t<div class=\"elementor-widget-container\">\n\t\t\t<h1 class=\"elementor-heading-title elementor-size-default\">Sales Network<\/h1>\t\t<\/div>\n\t\t\t\t<\/div>\n\t\t\t\t<div class=\"elementor-element elementor-element-14fa943 elementor-widget elementor-widget-heading\" data-id=\"14fa943\" data-element_type=\"widget\" data-widget_type=\"heading.default\">\n\t\t\t\t<div class=\"elementor-widget-container\">\n\t\t\t<h3 class=\"elementor-heading-title elementor-size-default\">See where you can purchase and\/or recharge your transport ticket.<\/h3>\t\t<\/div>\n\t\t\t\t<\/div>\n\t\t\t\t\t<\/div>\n\t\t\t\t<\/div>\n\t\t<div class=\"elementor-element elementor-element-a4176e8 e-flex e-con-boxed e-con e-parent\" data-id=\"a4176e8\" data-element_type=\"container\" data-settings=\"{&quot;background_background&quot;:&quot;classic&quot;}\">\n\t\t\t\t\t<div class=\"e-con-inner\">\n\t\t\t\t<div class=\"elementor-element elementor-element-16a615f elementor-widget elementor-widget-html\" data-id=\"16a615f\" data-element_type=\"widget\" data-widget_type=\"html.default\">\n\t\t\t\t<div class=\"elementor-widget-container\">\n\t\t\t<script>\n  function resizeIframe(obj) {\n    obj.style.height = obj.contentWindow.document.documentElement.scrollHeight + 'px';\n  }\n<\/script>\n\n<iframe id=\"salesNetworkIframe\" src=\"\/wp-content\/uploads\/maps\/mapa_loja.html%22\" onload=\"resizeIframe(this)\"><\/iframe>\t\t<\/div>\n\t\t\t\t<\/div>\n\t\t\t\t\t<\/div>\n\t\t\t\t<\/div>\n\t\t\t\t<\/div>\n\t\t","protected":false},"excerpt":{"rendered":"<p>See where you can purchase and\/or recharge your transport ticket.<\/p>\n","protected":false},"author":1,"featured_media":0,"parent":0,"menu_order":0,"comment_status":"closed","ping_status":"closed","template":"","meta":{"footnotes":""},"class_list":["post-3182","page","type-page","status-publish","hentry"],"yoast_head":"<!-- This site is optimized with the Yoast SEO plugin v23.9 - https:\/\/yoast.com\/wordpress\/plugins\/seo\/ -->\n<title>Sales Network | Andante - Transportes Metropolitanos do Porto<\/title>\n<meta name=\"robots\" content=\"index, follow, max-snippet:-1, max-image-preview:large, max-video-preview:-1\" \/>\n<link rel=\"canonical\" href=\"https:\/\/andante.pt\/en\/sales-network\/\" \/>\n<meta property=\"og:locale\" content=\"en_US\" \/>\n<meta property=\"og:type\" content=\"article\" \/>\n<meta property=\"og:title\" content=\"Sales Network | Andante - Transportes Metropolitanos do Porto\" \/>\n<meta property=\"og:description\" content=\"See where you can purchase and\/or recharge your transport ticket.\" \/>\n<meta property=\"og:url\" content=\"https:\/\/andante.pt\/en\/sales-network\/\" \/>\n<meta property=\"og:site_name\" content=\"Andante - Transportes Metropolitanos do Porto\" \/>\n<meta property=\"article:publisher\" content=\"https:\/\/www.facebook.com\/andantept\/\" \/>\n<meta property=\"article:modified_time\" content=\"2023-05-09T10:49:10+00:00\" \/>\n<meta name=\"twitter:card\" content=\"summary_large_image\" \/>\n<meta name=\"twitter:label1\" content=\"Est. reading time\" \/>\n\t<meta name=\"twitter:data1\" content=\"1 minute\" \/>\n<script type=\"application\/ld+json\" class=\"yoast-schema-graph\">{\"@context\":\"https:\/\/schema.org\",\"@graph\":[{\"@type\":\"WebPage\",\"@id\":\"https:\/\/andante.pt\/en\/sales-network\/\",\"url\":\"https:\/\/andante.pt\/en\/sales-network\/\",\"name\":\"Sales Network | Andante - Transportes Metropolitanos do Porto\",\"isPartOf\":{\"@id\":\"https:\/\/andante.pt\/en\/#website\"},\"datePublished\":\"2023-03-16T12:51:20+00:00\",\"dateModified\":\"2023-05-09T10:49:10+00:00\",\"breadcrumb\":{\"@id\":\"https:\/\/andante.pt\/en\/sales-network\/#breadcrumb\"},\"inLanguage\":\"en-US\",\"potentialAction\":[{\"@type\":\"ReadAction\",\"target\":[\"https:\/\/andante.pt\/en\/sales-network\/\"]}]},{\"@type\":\"BreadcrumbList\",\"@id\":\"https:\/\/andante.pt\/en\/sales-network\/#breadcrumb\",\"itemListElement\":[{\"@type\":\"ListItem\",\"position\":1,\"name\":\"Home\",\"item\":\"https:\/\/andante.pt\/en\/\"},{\"@type\":\"ListItem\",\"position\":2,\"name\":\"Sales Network\"}]},{\"@type\":\"WebSite\",\"@id\":\"https:\/\/andante.pt\/en\/#website\",\"url\":\"https:\/\/andante.pt\/en\/\",\"name\":\"Andante - Transportes Metropolitanos do Porto\",\"description\":\"O Andante \u00e9 o t\u00edtulo para os transportes p\u00fablicos da \u00c1rea Metropolitana do Porto.\",\"publisher\":{\"@id\":\"https:\/\/andante.pt\/en\/#organization\"},\"alternateName\":\"Andante - Transportes Intermodais do Porto\",\"potentialAction\":[{\"@type\":\"SearchAction\",\"target\":{\"@type\":\"EntryPoint\",\"urlTemplate\":\"https:\/\/andante.pt\/en\/?s={search_term_string}\"},\"query-input\":{\"@type\":\"PropertyValueSpecification\",\"valueRequired\":true,\"valueName\":\"search_term_string\"}}],\"inLanguage\":\"en-US\"},{\"@type\":\"Organization\",\"@id\":\"https:\/\/andante.pt\/en\/#organization\",\"name\":\"Andante - Transportes Intermodais do Porto\",\"alternateName\":\"Andante - Transportes Intermodais do Porto\",\"url\":\"https:\/\/andante.pt\/en\/\",\"logo\":{\"@type\":\"ImageObject\",\"inLanguage\":\"en-US\",\"@id\":\"https:\/\/andante.pt\/en\/#\/schema\/logo\/image\/\",\"url\":\"https:\/\/andante.pt\/wp-content\/uploads\/2023\/03\/logo_andante.svg\",\"contentUrl\":\"https:\/\/andante.pt\/wp-content\/uploads\/2023\/03\/logo_andante.svg\",\"width\":1,\"height\":1,\"caption\":\"Andante - Transportes Intermodais do Porto\"},\"image\":{\"@id\":\"https:\/\/andante.pt\/en\/#\/schema\/logo\/image\/\"},\"sameAs\":[\"https:\/\/www.facebook.com\/andantept\/\"]}]}<\/script>\n<!-- \/ Yoast SEO plugin. -->","yoast_head_json":{"title":"Sales Network | Andante - Transportes Metropolitanos do Porto","robots":{"index":"index","follow":"follow","max-snippet":"max-snippet:-1","max-image-preview":"max-image-preview:large","max-video-preview":"max-video-preview:-1"},"canonical":"https:\/\/andante.pt\/en\/sales-network\/","og_locale":"en_US","og_type":"article","og_title":"Sales Network | Andante - Transportes Metropolitanos do Porto","og_description":"See where you can purchase and\/or recharge your transport ticket.","og_url":"https:\/\/andante.pt\/en\/sales-network\/","og_site_name":"Andante - Transportes Metropolitanos do Porto","article_publisher":"https:\/\/www.facebook.com\/andantept\/","article_modified_time":"2023-05-09T10:49:10+00:00","twitter_card":"summary_large_image","twitter_misc":{"Est. reading time":"1 minute"},"schema":{"@context":"https:\/\/schema.org","@graph":[{"@type":"WebPage","@id":"https:\/\/andante.pt\/en\/sales-network\/","url":"https:\/\/andante.pt\/en\/sales-network\/","name":"Sales Network | Andante - Transportes Metropolitanos do Porto","isPartOf":{"@id":"https:\/\/andante.pt\/en\/#website"},"datePublished":"2023-03-16T12:51:20+00:00","dateModified":"2023-05-09T10:49:10+00:00","breadcrumb":{"@id":"https:\/\/andante.pt\/en\/sales-network\/#breadcrumb"},"inLanguage":"en-US","potentialAction":[{"@type":"ReadAction","target":["https:\/\/andante.pt\/en\/sales-network\/"]}]},{"@type":"BreadcrumbList","@id":"https:\/\/andante.pt\/en\/sales-network\/#breadcrumb","itemListElement":[{"@type":"ListItem","position":1,"name":"Home","item":"https:\/\/andante.pt\/en\/"},{"@type":"ListItem","position":2,"name":"Sales Network"}]},{"@type":"WebSite","@id":"https:\/\/andante.pt\/en\/#website","url":"https:\/\/andante.pt\/en\/","name":"Andante - Transportes Metropolitanos do Porto","description":"O Andante \u00e9 o t\u00edtulo para os transportes p\u00fablicos da \u00c1rea Metropolitana do Porto.","publisher":{"@id":"https:\/\/andante.pt\/en\/#organization"},"alternateName":"Andante - Transportes Intermodais do Porto","potentialAction":[{"@type":"SearchAction","target":{"@type":"EntryPoint","urlTemplate":"https:\/\/andante.pt\/en\/?s={search_term_string}"},"query-input":{"@type":"PropertyValueSpecification","valueRequired":true,"valueName":"search_term_string"}}],"inLanguage":"en-US"},{"@type":"Organization","@id":"https:\/\/andante.pt\/en\/#organization","name":"Andante - Transportes Intermodais do Porto","alternateName":"Andante - Transportes Intermodais do Porto","url":"https:\/\/andante.pt\/en\/","logo":{"@type":"ImageObject","inLanguage":"en-US","@id":"https:\/\/andante.pt\/en\/#\/schema\/logo\/image\/","url":"https:\/\/andante.pt\/wp-content\/uploads\/2023\/03\/logo_andante.svg","contentUrl":"https:\/\/andante.pt\/wp-content\/uploads\/2023\/03\/logo_andante.svg","width":1,"height":1,"caption":"Andante - Transportes Intermodais do Porto"},"image":{"@id":"https:\/\/andante.pt\/en\/#\/schema\/logo\/image\/"},"sameAs":["https:\/\/www.facebook.com\/andantept\/"]}]}},"_links":{"self":[{"href":"https:\/\/andante.pt\/en\/wp-json\/wp\/v2\/pages\/3182","targetHints":{"allow":["GET"]}}],"collection":[{"href":"https:\/\/andante.pt\/en\/wp-json\/wp\/v2\/pages"}],"about":[{"href":"https:\/\/andante.pt\/en\/wp-json\/wp\/v2\/types\/page"}],"author":[{"embeddable":true,"href":"https:\/\/andante.pt\/en\/wp-json\/wp\/v2\/users\/1"}],"replies":[{"embeddable":true,"href":"https:\/\/andante.pt\/en\/wp-json\/wp\/v2\/comments?post=3182"}],"version-history":[{"count":6,"href":"https:\/\/andante.pt\/en\/wp-json\/wp\/v2\/pages\/3182\/revisions"}],"predecessor-version":[{"id":4414,"href":"https:\/\/andante.pt\/en\/wp-json\/wp\/v2\/pages\/3182\/revisions\/4414"}],"wp:attachment":[{"href":"https:\/\/andante.pt\/en\/wp-json\/wp\/v2\/media?parent=3182"}],"curies":[{"name":"wp","href":"https:\/\/api.w.org\/{rel}","templated":true}]}}