{"id":6833,"date":"2025-05-16T11:56:17","date_gmt":"2025-05-16T11:56:17","guid":{"rendered":"https:\/\/andante.pt\/?page_id=6833"},"modified":"2025-05-30T13:39:44","modified_gmt":"2025-05-30T13:39:44","slug":"tmp-transportes-metropolitanos-do-porto","status":"publish","type":"page","link":"https:\/\/andante.pt\/en\/tmp-transportes-metropolitanos-do-porto\/","title":{"rendered":"TMP &#8211; Transportes Metropolitanos do Porto"},"content":{"rendered":"\t\t<div data-elementor-type=\"wp-page\" data-elementor-id=\"6833\" class=\"elementor elementor-6833 elementor-6832\" data-elementor-post-type=\"page\">\n\t\t\t\t<div class=\"elementor-element elementor-element-a7165ad e-flex e-con-boxed e-con e-parent\" data-id=\"a7165ad\" data-element_type=\"container\">\n\t\t\t\t\t<div class=\"e-con-inner\">\n\t\t<div class=\"elementor-element elementor-element-6727200 e-con-full e-flex e-con e-child\" data-id=\"6727200\" data-element_type=\"container\">\n\t\t\t\t<div class=\"elementor-element elementor-element-a0947cc breadcrumbs_realce elementor-widget elementor-widget-global elementor-global-894 elementor-widget-breadcrumbs\" data-id=\"a0947cc\" data-element_type=\"widget\" data-widget_type=\"breadcrumbs.default\">\n\t\t\t\t<div class=\"elementor-widget-container\">\n\t\t\t<p id=\"breadcrumbs\"><span><span><a href=\"https:\/\/andante.pt\/en\/\">Home<\/a><\/span><\/span><\/p>\t\t<\/div>\n\t\t\t\t<\/div>\n\t\t\t\t<div class=\"elementor-element elementor-element-d5c9482 elementor-widget elementor-widget-heading\" data-id=\"d5c9482\" data-element_type=\"widget\" data-widget_type=\"heading.default\">\n\t\t\t\t<div class=\"elementor-widget-container\">\n\t\t\t<h1 class=\"elementor-heading-title elementor-size-default\">Transportes Metropolitanos do Porto<\/h1>\t\t<\/div>\n\t\t\t\t<\/div>\n\t\t\t\t<div class=\"elementor-element elementor-element-50e6cc0 elementor-widget elementor-widget-text-editor\" data-id=\"50e6cc0\" data-element_type=\"widget\" data-widget_type=\"text-editor.default\">\n\t\t\t\t<div class=\"elementor-widget-container\">\n\t\t\t\t\t\t\t<p>With the aim of <strong>promoting the implementation of intermodality in public transport<\/strong> in the Porto Metropolitan Area (AMP), on the 13th of January 2025, the capabilities of TIP (Transportes Intermodais do Porto), which manages the Andante system, and AMP (\u00c1rea Metropolitana do Porto), which oversees and studies transport and mobility as well as manages contracts with Unir transport operators, were brought together.<\/p><p>\u00a0<\/p>\t\t\t\t\t\t<\/div>\n\t\t\t\t<\/div>\n\t\t\t\t<div class=\"elementor-element elementor-element-6eb2a6f elementor-widget elementor-widget-image\" data-id=\"6eb2a6f\" data-element_type=\"widget\" data-widget_type=\"image.default\">\n\t\t\t\t<div class=\"elementor-widget-container\">\n\t\t\t\t\t\t\t\t\t\t\t\t\t<img decoding=\"async\" width=\"363\" height=\"110\" src=\"https:\/\/andante.pt\/wp-content\/uploads\/2023\/03\/Logo-Transportes-Intermodais-Porto.webp\" class=\"attachment-full size-full wp-image-1120\" alt=\"Logo Transportes-Intermodais-Porto\" \/>\t\t\t\t\t\t\t\t\t\t\t\t\t<\/div>\n\t\t\t\t<\/div>\n\t\t\t\t<\/div>\n\t\t<div class=\"elementor-element elementor-element-41a36b5 e-con-full e-flex e-con e-child\" data-id=\"41a36b5\" data-element_type=\"container\" data-settings=\"{&quot;position&quot;:&quot;absolute&quot;,&quot;background_background&quot;:&quot;classic&quot;}\">\n\t\t\t\t<\/div>\n\t\t\t\t\t<\/div>\n\t\t\t\t<\/div>\n\t\t\t\t<\/div>\n\t\t","protected":false},"excerpt":{"rendered":"<p>Transportes Metropolitanos do Porto With the aim of promoting the implementation of intermodality in public transport in the Porto Metropolitan Area (AMP), on the 13th of January 2025, the capabilities of TIP (Transportes Intermodais do Porto), which manages the Andante system, and AMP (\u00c1rea Metropolitana do Porto), which oversees and studies transport and mobility as [&hellip;]<\/p>\n","protected":false},"author":2,"featured_media":0,"parent":0,"menu_order":0,"comment_status":"closed","ping_status":"closed","template":"","meta":{"footnotes":""},"class_list":["post-6833","page","type-page","status-publish","hentry"],"yoast_head":"<!-- This site is optimized with the Yoast SEO plugin v23.9 - https:\/\/yoast.com\/wordpress\/plugins\/seo\/ -->\n<title>TMP - Transportes Metropolitanos do Porto | Andante - Transportes Metropolitanos do Porto<\/title>\n<meta name=\"robots\" content=\"index, follow, max-snippet:-1, max-image-preview:large, max-video-preview:-1\" \/>\n<link rel=\"canonical\" href=\"https:\/\/andante.pt\/en\/tmp-transportes-metropolitanos-do-porto\/\" \/>\n<meta property=\"og:locale\" content=\"en_US\" \/>\n<meta property=\"og:type\" content=\"article\" \/>\n<meta property=\"og:title\" content=\"TMP - Transportes Metropolitanos do Porto | Andante - Transportes Metropolitanos do Porto\" \/>\n<meta property=\"og:description\" content=\"Transportes Metropolitanos do Porto With the aim of promoting the implementation of intermodality in public transport in the Porto Metropolitan Area (AMP), on the 13th of January 2025, the capabilities of TIP (Transportes Intermodais do Porto), which manages the Andante system, and AMP (\u00c1rea Metropolitana do Porto), which oversees and studies transport and mobility as [&hellip;]\" \/>\n<meta property=\"og:url\" content=\"https:\/\/andante.pt\/en\/tmp-transportes-metropolitanos-do-porto\/\" \/>\n<meta property=\"og:site_name\" content=\"Andante - Transportes Metropolitanos do Porto\" \/>\n<meta property=\"article:publisher\" content=\"https:\/\/www.facebook.com\/andantept\/\" \/>\n<meta property=\"article:modified_time\" content=\"2025-05-30T13:39:44+00:00\" \/>\n<meta property=\"og:image\" content=\"https:\/\/andante.pt\/wp-content\/uploads\/2023\/03\/Logo-Transportes-Intermodais-Porto.webp\" \/>\n\t<meta property=\"og:image:width\" content=\"363\" \/>\n\t<meta property=\"og:image:height\" content=\"110\" \/>\n\t<meta property=\"og:image:type\" content=\"image\/webp\" \/>\n<meta name=\"twitter:card\" content=\"summary_large_image\" \/>\n<meta name=\"twitter:label1\" content=\"Est. reading time\" \/>\n\t<meta name=\"twitter:data1\" content=\"1 minute\" \/>\n<script type=\"application\/ld+json\" class=\"yoast-schema-graph\">{\"@context\":\"https:\/\/schema.org\",\"@graph\":[{\"@type\":\"WebPage\",\"@id\":\"https:\/\/andante.pt\/en\/tmp-transportes-metropolitanos-do-porto\/\",\"url\":\"https:\/\/andante.pt\/en\/tmp-transportes-metropolitanos-do-porto\/\",\"name\":\"TMP - Transportes Metropolitanos do Porto | Andante - Transportes Metropolitanos do Porto\",\"isPartOf\":{\"@id\":\"https:\/\/andante.pt\/en\/#website\"},\"primaryImageOfPage\":{\"@id\":\"https:\/\/andante.pt\/en\/tmp-transportes-metropolitanos-do-porto\/#primaryimage\"},\"image\":{\"@id\":\"https:\/\/andante.pt\/en\/tmp-transportes-metropolitanos-do-porto\/#primaryimage\"},\"thumbnailUrl\":\"https:\/\/andante.pt\/wp-content\/uploads\/2023\/03\/Logo-Transportes-Intermodais-Porto.webp\",\"datePublished\":\"2025-05-16T11:56:17+00:00\",\"dateModified\":\"2025-05-30T13:39:44+00:00\",\"breadcrumb\":{\"@id\":\"https:\/\/andante.pt\/en\/tmp-transportes-metropolitanos-do-porto\/#breadcrumb\"},\"inLanguage\":\"en-US\",\"potentialAction\":[{\"@type\":\"ReadAction\",\"target\":[\"https:\/\/andante.pt\/en\/tmp-transportes-metropolitanos-do-porto\/\"]}]},{\"@type\":\"ImageObject\",\"inLanguage\":\"en-US\",\"@id\":\"https:\/\/andante.pt\/en\/tmp-transportes-metropolitanos-do-porto\/#primaryimage\",\"url\":\"https:\/\/andante.pt\/wp-content\/uploads\/2023\/03\/Logo-Transportes-Intermodais-Porto.webp\",\"contentUrl\":\"https:\/\/andante.pt\/wp-content\/uploads\/2023\/03\/Logo-Transportes-Intermodais-Porto.webp\"},{\"@type\":\"BreadcrumbList\",\"@id\":\"https:\/\/andante.pt\/en\/tmp-transportes-metropolitanos-do-porto\/#breadcrumb\",\"itemListElement\":[{\"@type\":\"ListItem\",\"position\":1,\"name\":\"Home\",\"item\":\"https:\/\/andante.pt\/en\/\"},{\"@type\":\"ListItem\",\"position\":2,\"name\":\"TMP &#8211; Transportes Metropolitanos do Porto\"}]},{\"@type\":\"WebSite\",\"@id\":\"https:\/\/andante.pt\/en\/#website\",\"url\":\"https:\/\/andante.pt\/en\/\",\"name\":\"Andante - Transportes Metropolitanos do Porto\",\"description\":\"O Andante \u00e9 o t\u00edtulo para os transportes p\u00fablicos da \u00c1rea Metropolitana do Porto.\",\"publisher\":{\"@id\":\"https:\/\/andante.pt\/en\/#organization\"},\"alternateName\":\"Andante - Transportes Intermodais do Porto\",\"potentialAction\":[{\"@type\":\"SearchAction\",\"target\":{\"@type\":\"EntryPoint\",\"urlTemplate\":\"https:\/\/andante.pt\/en\/?s={search_term_string}\"},\"query-input\":{\"@type\":\"PropertyValueSpecification\",\"valueRequired\":true,\"valueName\":\"search_term_string\"}}],\"inLanguage\":\"en-US\"},{\"@type\":\"Organization\",\"@id\":\"https:\/\/andante.pt\/en\/#organization\",\"name\":\"Andante - Transportes Intermodais do Porto\",\"alternateName\":\"Andante - Transportes Intermodais do Porto\",\"url\":\"https:\/\/andante.pt\/en\/\",\"logo\":{\"@type\":\"ImageObject\",\"inLanguage\":\"en-US\",\"@id\":\"https:\/\/andante.pt\/en\/#\/schema\/logo\/image\/\",\"url\":\"https:\/\/andante.pt\/wp-content\/uploads\/2023\/03\/logo_andante.svg\",\"contentUrl\":\"https:\/\/andante.pt\/wp-content\/uploads\/2023\/03\/logo_andante.svg\",\"width\":1,\"height\":1,\"caption\":\"Andante - Transportes Intermodais do Porto\"},\"image\":{\"@id\":\"https:\/\/andante.pt\/en\/#\/schema\/logo\/image\/\"},\"sameAs\":[\"https:\/\/www.facebook.com\/andantept\/\"]}]}<\/script>\n<!-- \/ Yoast SEO plugin. -->","yoast_head_json":{"title":"TMP - Transportes Metropolitanos do Porto | Andante - Transportes Metropolitanos do Porto","robots":{"index":"index","follow":"follow","max-snippet":"max-snippet:-1","max-image-preview":"max-image-preview:large","max-video-preview":"max-video-preview:-1"},"canonical":"https:\/\/andante.pt\/en\/tmp-transportes-metropolitanos-do-porto\/","og_locale":"en_US","og_type":"article","og_title":"TMP - Transportes Metropolitanos do Porto | Andante - Transportes Metropolitanos do Porto","og_description":"Transportes Metropolitanos do Porto With the aim of promoting the implementation of intermodality in public transport in the Porto Metropolitan Area (AMP), on the 13th of January 2025, the capabilities of TIP (Transportes Intermodais do Porto), which manages the Andante system, and AMP (\u00c1rea Metropolitana do Porto), which oversees and studies transport and mobility as [&hellip;]","og_url":"https:\/\/andante.pt\/en\/tmp-transportes-metropolitanos-do-porto\/","og_site_name":"Andante - Transportes Metropolitanos do Porto","article_publisher":"https:\/\/www.facebook.com\/andantept\/","article_modified_time":"2025-05-30T13:39:44+00:00","og_image":[{"width":363,"height":110,"url":"https:\/\/andante.pt\/wp-content\/uploads\/2023\/03\/Logo-Transportes-Intermodais-Porto.webp","type":"image\/webp"}],"twitter_card":"summary_large_image","twitter_misc":{"Est. reading time":"1 minute"},"schema":{"@context":"https:\/\/schema.org","@graph":[{"@type":"WebPage","@id":"https:\/\/andante.pt\/en\/tmp-transportes-metropolitanos-do-porto\/","url":"https:\/\/andante.pt\/en\/tmp-transportes-metropolitanos-do-porto\/","name":"TMP - Transportes Metropolitanos do Porto | Andante - Transportes Metropolitanos do Porto","isPartOf":{"@id":"https:\/\/andante.pt\/en\/#website"},"primaryImageOfPage":{"@id":"https:\/\/andante.pt\/en\/tmp-transportes-metropolitanos-do-porto\/#primaryimage"},"image":{"@id":"https:\/\/andante.pt\/en\/tmp-transportes-metropolitanos-do-porto\/#primaryimage"},"thumbnailUrl":"https:\/\/andante.pt\/wp-content\/uploads\/2023\/03\/Logo-Transportes-Intermodais-Porto.webp","datePublished":"2025-05-16T11:56:17+00:00","dateModified":"2025-05-30T13:39:44+00:00","breadcrumb":{"@id":"https:\/\/andante.pt\/en\/tmp-transportes-metropolitanos-do-porto\/#breadcrumb"},"inLanguage":"en-US","potentialAction":[{"@type":"ReadAction","target":["https:\/\/andante.pt\/en\/tmp-transportes-metropolitanos-do-porto\/"]}]},{"@type":"ImageObject","inLanguage":"en-US","@id":"https:\/\/andante.pt\/en\/tmp-transportes-metropolitanos-do-porto\/#primaryimage","url":"https:\/\/andante.pt\/wp-content\/uploads\/2023\/03\/Logo-Transportes-Intermodais-Porto.webp","contentUrl":"https:\/\/andante.pt\/wp-content\/uploads\/2023\/03\/Logo-Transportes-Intermodais-Porto.webp"},{"@type":"BreadcrumbList","@id":"https:\/\/andante.pt\/en\/tmp-transportes-metropolitanos-do-porto\/#breadcrumb","itemListElement":[{"@type":"ListItem","position":1,"name":"Home","item":"https:\/\/andante.pt\/en\/"},{"@type":"ListItem","position":2,"name":"TMP &#8211; Transportes Metropolitanos do Porto"}]},{"@type":"WebSite","@id":"https:\/\/andante.pt\/en\/#website","url":"https:\/\/andante.pt\/en\/","name":"Andante - Transportes Metropolitanos do Porto","description":"O Andante \u00e9 o t\u00edtulo para os transportes p\u00fablicos da \u00c1rea Metropolitana do Porto.","publisher":{"@id":"https:\/\/andante.pt\/en\/#organization"},"alternateName":"Andante - Transportes Intermodais do Porto","potentialAction":[{"@type":"SearchAction","target":{"@type":"EntryPoint","urlTemplate":"https:\/\/andante.pt\/en\/?s={search_term_string}"},"query-input":{"@type":"PropertyValueSpecification","valueRequired":true,"valueName":"search_term_string"}}],"inLanguage":"en-US"},{"@type":"Organization","@id":"https:\/\/andante.pt\/en\/#organization","name":"Andante - Transportes Intermodais do Porto","alternateName":"Andante - Transportes Intermodais do Porto","url":"https:\/\/andante.pt\/en\/","logo":{"@type":"ImageObject","inLanguage":"en-US","@id":"https:\/\/andante.pt\/en\/#\/schema\/logo\/image\/","url":"https:\/\/andante.pt\/wp-content\/uploads\/2023\/03\/logo_andante.svg","contentUrl":"https:\/\/andante.pt\/wp-content\/uploads\/2023\/03\/logo_andante.svg","width":1,"height":1,"caption":"Andante - Transportes Intermodais do Porto"},"image":{"@id":"https:\/\/andante.pt\/en\/#\/schema\/logo\/image\/"},"sameAs":["https:\/\/www.facebook.com\/andantept\/"]}]}},"_links":{"self":[{"href":"https:\/\/andante.pt\/en\/wp-json\/wp\/v2\/pages\/6833","targetHints":{"allow":["GET"]}}],"collection":[{"href":"https:\/\/andante.pt\/en\/wp-json\/wp\/v2\/pages"}],"about":[{"href":"https:\/\/andante.pt\/en\/wp-json\/wp\/v2\/types\/page"}],"author":[{"embeddable":true,"href":"https:\/\/andante.pt\/en\/wp-json\/wp\/v2\/users\/2"}],"replies":[{"embeddable":true,"href":"https:\/\/andante.pt\/en\/wp-json\/wp\/v2\/comments?post=6833"}],"version-history":[{"count":8,"href":"https:\/\/andante.pt\/en\/wp-json\/wp\/v2\/pages\/6833\/revisions"}],"predecessor-version":[{"id":6850,"href":"https:\/\/andante.pt\/en\/wp-json\/wp\/v2\/pages\/6833\/revisions\/6850"}],"wp:attachment":[{"href":"https:\/\/andante.pt\/en\/wp-json\/wp\/v2\/media?parent=6833"}],"curies":[{"name":"wp","href":"https:\/\/api.w.org\/{rel}","templated":true}]}}